{"id":3779,"date":"2024-02-20T13:15:43","date_gmt":"2024-02-20T10:15:43","guid":{"rendered":"https:\/\/masfedtam.com.tr\/?page_id=3779"},"modified":"2024-02-20T13:29:54","modified_gmt":"2024-02-20T10:29:54","slug":"kvkk-aydinlatma-metni","status":"publish","type":"page","link":"https:\/\/masfedtam.com.tr\/?page_id=3779","title":{"rendered":"KVKK Ayd\u0131nlatma Metni"},"content":{"rendered":"\t\t<div data-elementor-type=\"wp-page\" data-elementor-id=\"3779\" class=\"elementor elementor-3779\">\n\t\t\t\t\t\t<section class=\"elementor-section elementor-top-section elementor-element elementor-element-e9de075 elementor-section-boxed elementor-section-height-default elementor-section-height-default wpr-particle-no wpr-jarallax-no wpr-parallax-no wpr-sticky-section-no\" data-id=\"e9de075\" data-element_type=\"section\" data-settings=\"{&quot;background_background&quot;:&quot;classic&quot;}\">\n\t\t\t\t\t\t\t<div class=\"elementor-background-overlay\"><\/div>\n\t\t\t\t\t\t\t<div class=\"elementor-container elementor-column-gap-default\">\n\t\t\t\t\t<div class=\"elementor-column elementor-col-100 elementor-top-column elementor-element elementor-element-8b8eb8c\" data-id=\"8b8eb8c\" data-element_type=\"column\">\n\t\t\t<div class=\"elementor-widget-wrap elementor-element-populated\">\n\t\t\t\t\t\t<div class=\"elementor-element elementor-element-57c3626 elementor-widget elementor-widget-spacer\" data-id=\"57c3626\" data-element_type=\"widget\" data-widget_type=\"spacer.default\">\n\t\t\t\t<div class=\"elementor-widget-container\">\n\t\t\t<style>\/*! elementor - v3.20.0 - 11-03-2024 *\/\n.elementor-column .elementor-spacer-inner{height:var(--spacer-size)}.e-con{--container-widget-width:100%}.e-con-inner>.elementor-widget-spacer,.e-con>.elementor-widget-spacer{width:var(--container-widget-width,var(--spacer-size));--align-self:var(--container-widget-align-self,initial);--flex-shrink:0}.e-con-inner>.elementor-widget-spacer>.elementor-widget-container,.e-con>.elementor-widget-spacer>.elementor-widget-container{height:100%;width:100%}.e-con-inner>.elementor-widget-spacer>.elementor-widget-container>.elementor-spacer,.e-con>.elementor-widget-spacer>.elementor-widget-container>.elementor-spacer{height:100%}.e-con-inner>.elementor-widget-spacer>.elementor-widget-container>.elementor-spacer>.elementor-spacer-inner,.e-con>.elementor-widget-spacer>.elementor-widget-container>.elementor-spacer>.elementor-spacer-inner{height:var(--container-widget-height,var(--spacer-size))}.e-con-inner>.elementor-widget-spacer.elementor-widget-empty,.e-con>.elementor-widget-spacer.elementor-widget-empty{position:relative;min-height:22px;min-width:22px}.e-con-inner>.elementor-widget-spacer.elementor-widget-empty .elementor-widget-empty-icon,.e-con>.elementor-widget-spacer.elementor-widget-empty .elementor-widget-empty-icon{position:absolute;top:0;bottom:0;left:0;right:0;margin:auto;padding:0;width:22px;height:22px}<\/style>\t\t<div class=\"elementor-spacer\">\n\t\t\t<div class=\"elementor-spacer-inner\"><\/div>\n\t\t<\/div>\n\t\t\t\t<\/div>\n\t\t\t\t<\/div>\n\t\t\t\t<div class=\"elementor-element elementor-element-d1233c1 elementor-widget elementor-widget-heading\" data-id=\"d1233c1\" data-element_type=\"widget\" data-widget_type=\"heading.default\">\n\t\t\t\t<div class=\"elementor-widget-container\">\n\t\t\t<style>\/*! elementor - v3.20.0 - 11-03-2024 *\/\n.elementor-heading-title{padding:0;margin:0;line-height:1}.elementor-widget-heading .elementor-heading-title[class*=elementor-size-]>a{color:inherit;font-size:inherit;line-height:inherit}.elementor-widget-heading .elementor-heading-title.elementor-size-small{font-size:15px}.elementor-widget-heading .elementor-heading-title.elementor-size-medium{font-size:19px}.elementor-widget-heading .elementor-heading-title.elementor-size-large{font-size:29px}.elementor-widget-heading .elementor-heading-title.elementor-size-xl{font-size:39px}.elementor-widget-heading .elementor-heading-title.elementor-size-xxl{font-size:59px}<\/style><h1 class=\"elementor-heading-title elementor-size-default\">KVKK Ayd\u0131nlatma Metni<\/h1>\t\t<\/div>\n\t\t\t\t<\/div>\n\t\t\t\t<div class=\"elementor-element elementor-element-538893a elementor-widget elementor-widget-spacer\" data-id=\"538893a\" data-element_type=\"widget\" data-widget_type=\"spacer.default\">\n\t\t\t\t<div class=\"elementor-widget-container\">\n\t\t\t\t\t<div class=\"elementor-spacer\">\n\t\t\t<div class=\"elementor-spacer-inner\"><\/div>\n\t\t<\/div>\n\t\t\t\t<\/div>\n\t\t\t\t<\/div>\n\t\t\t\t\t<\/div>\n\t\t<\/div>\n\t\t\t\t\t<\/div>\n\t\t<\/section>\n\t\t\t\t<section class=\"elementor-section elementor-top-section elementor-element elementor-element-f7a4feb elementor-section-boxed elementor-section-height-default elementor-section-height-default wpr-particle-no wpr-jarallax-no wpr-parallax-no wpr-sticky-section-no\" data-id=\"f7a4feb\" data-element_type=\"section\">\n\t\t\t\t\t\t<div class=\"elementor-container elementor-column-gap-default\">\n\t\t\t\t\t<div class=\"elementor-column elementor-col-100 elementor-top-column elementor-element elementor-element-2eda568\" data-id=\"2eda568\" data-element_type=\"column\">\n\t\t\t<div class=\"elementor-widget-wrap elementor-element-populated\">\n\t\t\t\t\t\t<div class=\"elementor-element elementor-element-7587825 elementor-widget elementor-widget-text-editor\" data-id=\"7587825\" data-element_type=\"widget\" data-widget_type=\"text-editor.default\">\n\t\t\t\t<div class=\"elementor-widget-container\">\n\t\t\t<style>\/*! elementor - v3.20.0 - 11-03-2024 *\/\n.elementor-widget-text-editor.elementor-drop-cap-view-stacked .elementor-drop-cap{background-color:#69727d;color:#fff}.elementor-widget-text-editor.elementor-drop-cap-view-framed .elementor-drop-cap{color:#69727d;border:3px solid;background-color:transparent}.elementor-widget-text-editor:not(.elementor-drop-cap-view-default) .elementor-drop-cap{margin-top:8px}.elementor-widget-text-editor:not(.elementor-drop-cap-view-default) .elementor-drop-cap-letter{width:1em;height:1em}.elementor-widget-text-editor .elementor-drop-cap{float:left;text-align:center;line-height:1;font-size:50px}.elementor-widget-text-editor .elementor-drop-cap-letter{display:inline-block}<\/style>\t\t\t\t<p data-sourcepos=\"3:1-3:235\"><span class=\"animating\">MASFEDTAM (<\/span>MASFEDTAM TAHK\u0130M ARABULUCULUK VE ALTERNAT\u0130F UYU\u015eMAZLIK \u00c7\u00d6Z\u00dcM MERKEZ\u0130<span class=\"animating\">) olarak,<\/span><span class=\"animating\"> 6698 say\u0131l\u0131 Ki\u015fisel Verilerin Korunmas\u0131 Kanunu (\u201cKVKK\u201d) kapsam\u0131nda ki\u015fisel verilerinizin i\u015flenmesine ili\u015fkin sizleri bilgilendirmek istiyoruz.<\/span><\/p><p data-sourcepos=\"5:1-5:21\"><strong class=\"animating\">1. Veri Sorumlusu<\/strong><\/p><p data-sourcepos=\"7:1-7:119\"><span class=\"animating\">Ki\u015fisel verilerinizin veri sorumlusu MASFEDTAM\u2019d\u0131r.<\/span><span class=\"animating\"> MASFEDTAM ile ileti\u015fim kurmak i\u00e7in a\u015fa\u011f\u0131daki bilgilere ba\u015fvurabilirsiniz:<\/span><\/p><ul data-sourcepos=\"9:1-12:0\"><li class=\"animating\" data-sourcepos=\"9:1-9:28\"><strong class=\"animating\">Adres: <\/strong>BALIKH\u0130SAR MAHALLES\u0130 \u00d6ZAL BLV. OTONOM\u0130 C3 BLOK NO: 351\/8<strong class=\"animating\"><br \/><\/strong><span class=\"elementor-icon-list-text\">\u0130\u00c7 KAPI NO:16 AKYURT\/ANKARA<\/span><\/li><li class=\"animating\" data-sourcepos=\"10:1-10:40\"><strong class=\"animating\">Telefon: <\/strong><span class=\"animating\"><span class=\"elementor-icon-list-text\">0 (312) 282 46 46<\/span><\/span><\/li><li class=\"animating\" data-sourcepos=\"11:1-12:0\"><strong class=\"animating\">E-posta:<\/strong><span class=\"animating\"> info@masfedtam.org.tr<\/span><\/li><\/ul><p data-sourcepos=\"13:1-13:45\"><strong class=\"animating\">2. Ki\u015fisel Verilerinizin \u0130\u015flenme Ama\u00e7lar\u0131<\/strong><\/p><p data-sourcepos=\"15:1-15:62\"><span class=\"animating\">MASFED,<\/span><span class=\"animating\"> a\u015fa\u011f\u0131daki ama\u00e7larla ki\u015fisel verilerinizi i\u015flemektedir:<\/span><\/p><ul data-sourcepos=\"17:1-23:0\"><li class=\"animating\" data-sourcepos=\"17:1-17:77\"><span class=\"animating\">Tahkim,<\/span><span class=\"animating\">\u00a0arabuluculuk ve alternatif uyu\u015fmazl\u0131k \u00e7\u00f6z\u00fcm hizmetlerinin sunulmas\u0131<\/span><\/li><li class=\"animating\" data-sourcepos=\"18:1-18:47\"><span class=\"animating\">M\u00fc\u015fteri ve i\u015f ortaklar\u0131yla ileti\u015fim kurulmas\u0131<\/span><\/li><li class=\"animating\" data-sourcepos=\"19:1-19:59\"><span class=\"animating\">S\u00f6zle\u015fmelerin ve yasal y\u00fck\u00fcml\u00fcl\u00fcklerin yerine getirilmesi<\/span><\/li><li class=\"animating\" data-sourcepos=\"20:1-20:49\"><span class=\"animating\">Pazarlama ve reklam faaliyetlerinin y\u00fcr\u00fct\u00fclmesi<\/span><\/li><li class=\"animating\" data-sourcepos=\"21:1-21:38\"><span class=\"animating\">\u0130statistiksel analizler ve raporlama<\/span><\/li><li class=\"animating\" data-sourcepos=\"22:1-23:0\"><span class=\"animating\">G\u00fcvenlik ve risk y\u00f6netimi<\/span><\/li><\/ul><p data-sourcepos=\"24:1-24:47\"><strong class=\"animating\">3. Ki\u015fisel Verilerinizin \u0130\u015flenme Y\u00f6ntemleri<\/strong><\/p><p data-sourcepos=\"26:1-26:155\"><span class=\"animating\">Ki\u015fisel verileriniz,<\/span><span class=\"animating\"> otomatik veya otomatik olmayan y\u00f6ntemlerle,<\/span><span class=\"animating\"> yaz\u0131l\u0131 veya s\u00f6zl\u00fc olarak toplanabilir.<\/span><span class=\"animating\"> Ki\u015fisel verilerinizin toplanma y\u00f6ntemleri aras\u0131nda;<\/span><\/p><ul data-sourcepos=\"28:1-33:0\"><li class=\"animating\" data-sourcepos=\"28:1-28:34\"><span class=\"animating\">Web sitemiz ve mobil uygulamam\u0131z<\/span><\/li><li class=\"animating\" data-sourcepos=\"29:1-29:50\"><span class=\"animating\">E-posta,<\/span><span class=\"animating\">\u00a0telefon ve faks gibi ileti\u015fim kanallar\u0131<\/span><\/li><li class=\"animating\" data-sourcepos=\"30:1-30:30\"><span class=\"animating\">S\u00f6zle\u015fmeler ve di\u011fer formlar<\/span><\/li><li class=\"animating\" data-sourcepos=\"31:1-31:24\"><span class=\"animating\">Kamusal veri tabanlar\u0131<\/span><\/li><li class=\"animating\" data-sourcepos=\"32:1-33:0\"><span class=\"animating\">Y\u00fcz y\u00fcze g\u00f6r\u00fc\u015fmeler<\/span><\/li><\/ul><p data-sourcepos=\"34:1-34:15\"><span class=\"animating\">yer almaktad\u0131r.<\/span><\/p><p data-sourcepos=\"36:1-36:48\"><strong class=\"animating\">4. Ki\u015fisel Verilerinizin Aktar\u0131ld\u0131\u011f\u0131 Ki\u015filer<\/strong><\/p><p data-sourcepos=\"38:1-38:60\"><span class=\"animating\">MASFEDTAM,<\/span><span class=\"animating\"> ki\u015fisel verilerinizi a\u015fa\u011f\u0131daki ki\u015filere aktarabilir:<\/span><\/p><ul data-sourcepos=\"40:1-44:0\"><li class=\"animating\" data-sourcepos=\"40:1-40:109\"><span class=\"animating\">Tahkim,<\/span><span class=\"animating\">\u00a0arabuluculuk ve alternatif uyu\u015fmazl\u0131k \u00e7\u00f6z\u00fcm hizmetlerinin sunulmas\u0131nda yard\u0131mc\u0131 olan \u00fc\u00e7\u00fcnc\u00fc ki\u015filer<\/span><\/li><li class=\"animating\" data-sourcepos=\"41:1-41:85\"><span class=\"animating\">Hukuki ve dan\u0131\u015fmanl\u0131k hizmeti ald\u0131\u011f\u0131m\u0131z avukatl\u0131k b\u00fcrolar\u0131 ve dan\u0131\u015fmanl\u0131k firmalar\u0131<\/span><\/li><li class=\"animating\" data-sourcepos=\"42:1-42:64\"><span class=\"animating\">Denetleme ve kontrol yetkisi bulunan kamu kurum ve kurulu\u015flar\u0131<\/span><\/li><li class=\"animating\" data-sourcepos=\"43:1-44:0\"><span class=\"animating\">Yasal y\u00fck\u00fcml\u00fcl\u00fcklerimiz do\u011frultusunda talepte bulunan resmi merciler<\/span><\/li><\/ul><p data-sourcepos=\"45:1-45:44\"><strong class=\"animating\">5. Ki\u015fisel Verilerinizin Saklanma S\u00fcresi<\/strong><\/p><p data-sourcepos=\"47:1-47:225\"><span class=\"animating\">Ki\u015fisel verileriniz,<\/span><span class=\"animating\"> i\u015flenme amac\u0131n\u0131n gereklili\u011fi s\u00fcresince saklanmaktad\u0131r.<\/span><span class=\"animating\"> Bu s\u00fcre sona erdikten sonra,<\/span><span class=\"animating\"> ki\u015fisel verileriniz KVKK\u2019ya ve ilgili mevzuata uygun \u015fekilde silinmekte,<\/span><span class=\"animating\"> yok edilmekte veya anonim hale getirilmektedir.<\/span><\/p><p data-sourcepos=\"49:1-49:37\"><strong class=\"animating\">6. Ki\u015fisel Veri Sahibinin Haklar\u0131<\/strong><\/p><p data-sourcepos=\"51:1-51:91\"><span class=\"animating\">KVKK\u2019n\u0131n 11.<\/span><span class=\"animating\"> maddesine g\u00f6re,<\/span> <span class=\"citation-0 animating\">ki\u015fisel veri sahibi olarak a\u015fa\u011f\u0131daki haklara sahipsiniz:<\/span><\/p><ul data-sourcepos=\"53:1-62:0\"><li class=\"animating\" data-sourcepos=\"53:1-53:60\"><span class=\"citation-0 citation-1 animating\">Ki\u015fisel verilerinizin i\u015flenip i\u015flenmedi\u011fini \u00f6\u011frenme,<\/span><\/li><li class=\"animating\" data-sourcepos=\"54:1-54:70\"><span class=\"citation-0 citation-1 citation-end-0 animating\">Ki\u015fisel verileriniz<\/span><span class=\"citation-1 animating\">\u00a0i\u015flenmi\u015fse buna ili\u015fkin bilgi talep etme,<\/span><\/li><li class=\"animating\" data-sourcepos=\"55:1-55:110\"><span class=\"citation-1 citation-end-1 animating\">Ki\u015fisel verilerinizin i\u015flenme amac\u0131n\u0131 ve buna<\/span><span class=\"animating\">\u00a0uygun olarak kullan\u0131l\u0131p kullan<\/span><span class=\"citation-2 animating\">\u0131lmad\u0131\u011f\u0131n\u0131 \u00f6\u011frenme,<\/span><\/li><li class=\"animating\" data-sourcepos=\"56:1-56:90\"><span class=\"citation-2 animating\">Yurt i\u00e7inde veya yurt d\u0131\u015f\u0131nda ki\u015fisel verilerinizin aktar\u0131ld\u0131\u011f\u0131 \u00fc\u00e7\u00fcnc\u00fc ki\u015fileri \u00f6\u011frenme,<\/span><\/li><li class=\"animating\" data-sourcepos=\"57:1-57:99\"><span class=\"citation-2 citation-end-2 animating\">Ki\u015fisel verilerinizin eksik veya<\/span><span class=\"animating\">\u00a0hatal\u0131 olmas\u0131 halinde bunlar\u0131n d\u00fczeltilmesini talep etme,<\/span><\/li><li class=\"animating\" data-sourcepos=\"58:1-58:109\"><span class=\"animating\">Ki\u015fisel verilerinizin i\u015flenmesinin kanuna ayk\u0131r\u0131 olmas\u0131 halinde silinmesini veya yok edilmesini talep etme,<\/span><\/li><li class=\"animating\" data-sourcepos=\"59:1-59:195\"><span class=\"animating\">\u0130\u015flenen ki\u015fisel verilerinizin,<\/span><span class=\"animating\">\u00a0yukar\u0131da say\u0131lan (e) ve (f) bentleri kapsam\u0131ndaki d\u00fczeltme veya silinme i\u015fleminin,<\/span><span class=\"animating\">\u00a0ki\u015fisel verilerinizin aktar\u0131ld\u0131\u011f\u0131 \u00fc\u00e7\u00fcnc\u00fc ki\u015filere de bildirilmesini talep etme,<\/span><\/li><li class=\"animating\" data-sourcepos=\"60:1-60:167\"><span class=\"animating\">\u0130\u015flemenin otomatik sistemler vas\u0131tas\u0131yla yap\u0131lmas\u0131 ve bu i\u015flemin sizin i\u00e7in hukuksal sonu\u00e7lar do\u011furmas\u0131 veya sizi \u00f6nemli \u00f6l\u00e7\u00fcde etkilemesi halinde,<\/span><span class=\"animating\">\u00a0buna itiraz etme,<\/span><\/li><li class=\"animating\" data-sourcepos=\"61:1-62:0\"><span class=\"animating\">Ki\u015fisel verilerinizin kanuna ayk\u0131r\u0131 olarak i\u015flenmesi sebebiyle u\u011frad\u0131\u011f\u0131n\u0131z zarar\u0131 tazmin etme.<\/span><\/li><\/ul><p data-sourcepos=\"63:1-63:27\"><strong class=\"animating\">7. Haklar\u0131n\u0131z\u0131 Kullanma<\/strong><\/p><p data-sourcepos=\"65:1-65:87\"><span class=\"animating\">Yukar\u0131da say\u0131lan haklar\u0131n\u0131z\u0131 kullanmak i\u00e7in a\u015fa\u011f\u0131daki kanallardan bize ula\u015fabilirsiniz:<\/span><\/p><ul data-sourcepos=\"67:1-67:122\"><li class=\"animating\" data-sourcepos=\"67:1-67:122\"><strong class=\"animating\">Yaz\u0131l\u0131 Ba\u015fvuru:<\/strong><span class=\"animating\"> BALIKH\u0130SAR MAHALLES\u0130 \u00d6ZAL BLV. OTONOM\u0130 C3 BLOK NO: 351\/8<strong class=\"animating\"><br \/><\/strong><span class=\"elementor-icon-list-text\">\u0130\u00c7 KAPI NO:16 AKYURT\/ANKARA\u00a0\u00a0<\/span><\/span><\/li><\/ul><p>\u00a0<\/p><p><span class=\"animating\"> adresine kimlik belgenizin fotokopisini ekleyerek yaz\u0131l\u0131 ba\u015fvuruda bulunabilirsiniz.<\/span><\/p>\t\t\t\t\t\t<\/div>\n\t\t\t\t<\/div>\n\t\t\t\t\t<\/div>\n\t\t<\/div>\n\t\t\t\t\t<\/div>\n\t\t<\/section>\n\t\t\t\t<\/div>\n\t\t","protected":false},"excerpt":{"rendered":"<p>KVKK Ayd\u0131nlatma Metni MASFEDTAM (MASFEDTAM TAHK\u0130M ARABULUCULUK VE ALTERNAT\u0130F UYU\u015eMAZLIK \u00c7\u00d6Z\u00dcM MERKEZ\u0130) olarak, 6698 say\u0131l\u0131 Ki\u015fisel Verilerin Korunmas\u0131 Kanunu (\u201cKVKK\u201d) kapsam\u0131nda ki\u015fisel verilerinizin i\u015flenmesine ili\u015fkin sizleri bilgilendirmek istiyoruz. 1. Veri Sorumlusu Ki\u015fisel verilerinizin veri sorumlusu MASFEDTAM\u2019d\u0131r. MASFEDTAM ile ileti\u015fim kurmak i\u00e7in a\u015fa\u011f\u0131daki bilgilere ba\u015fvurabilirsiniz: Adres: BALIKH\u0130SAR MAHALLES\u0130 \u00d6ZAL BLV. OTONOM\u0130 C3 BLOK NO: 351\/8\u0130\u00c7 KAPI [&hellip;]<\/p>\n","protected":false},"author":1,"featured_media":0,"parent":0,"menu_order":0,"comment_status":"closed","ping_status":"closed","template":"elementor_canvas","meta":{"_mi_skip_tracking":false,"_monsterinsights_sitenote_active":false,"_monsterinsights_sitenote_note":"","_monsterinsights_sitenote_category":0,"footnotes":""},"class_list":["post-3779","page","type-page","status-publish","hentry"],"aioseo_notices":[],"_links":{"self":[{"href":"https:\/\/masfedtam.com.tr\/index.php?rest_route=\/wp\/v2\/pages\/3779","targetHints":{"allow":["GET"]}}],"collection":[{"href":"https:\/\/masfedtam.com.tr\/index.php?rest_route=\/wp\/v2\/pages"}],"about":[{"href":"https:\/\/masfedtam.com.tr\/index.php?rest_route=\/wp\/v2\/types\/page"}],"author":[{"embeddable":true,"href":"https:\/\/masfedtam.com.tr\/index.php?rest_route=\/wp\/v2\/users\/1"}],"replies":[{"embeddable":true,"href":"https:\/\/masfedtam.com.tr\/index.php?rest_route=%2Fwp%2Fv2%2Fcomments&post=3779"}],"version-history":[{"count":0,"href":"https:\/\/masfedtam.com.tr\/index.php?rest_route=\/wp\/v2\/pages\/3779\/revisions"}],"wp:attachment":[{"href":"https:\/\/masfedtam.com.tr\/index.php?rest_route=%2Fwp%2Fv2%2Fmedia&parent=3779"}],"curies":[{"name":"wp","href":"https:\/\/api.w.org\/{rel}","templated":true}]}}