{"id":2989,"date":"2023-03-13T11:29:41","date_gmt":"2023-03-13T08:29:41","guid":{"rendered":"https:\/\/masfedtam.com.tr\/?page_id=2989"},"modified":"2023-03-16T11:09:14","modified_gmt":"2023-03-16T08:09:14","slug":"arabuluculuk-basvuru-formu","status":"publish","type":"page","link":"https:\/\/masfedtam.com.tr\/?page_id=2989","title":{"rendered":"Arabuluculuk Ba\u015fvuru Formu"},"content":{"rendered":"\t\t<div data-elementor-type=\"wp-page\" data-elementor-id=\"2989\" class=\"elementor elementor-2989\">\n\t\t\t\t\t\t<section class=\"elementor-section elementor-top-section elementor-element elementor-element-0ecb76c elementor-section-boxed elementor-section-height-default elementor-section-height-default wpr-particle-no wpr-jarallax-no wpr-parallax-no wpr-sticky-section-no\" data-id=\"0ecb76c\" data-element_type=\"section\" data-settings=\"{&quot;background_background&quot;:&quot;classic&quot;}\">\n\t\t\t\t\t\t\t<div class=\"elementor-background-overlay\"><\/div>\n\t\t\t\t\t\t\t<div class=\"elementor-container elementor-column-gap-default\">\n\t\t\t\t\t<div class=\"elementor-column elementor-col-100 elementor-top-column elementor-element elementor-element-ef09298\" data-id=\"ef09298\" data-element_type=\"column\">\n\t\t\t<div class=\"elementor-widget-wrap elementor-element-populated\">\n\t\t\t\t\t\t<div class=\"elementor-element elementor-element-3abc311 elementor-widget elementor-widget-spacer\" data-id=\"3abc311\" data-element_type=\"widget\" data-widget_type=\"spacer.default\">\n\t\t\t\t<div class=\"elementor-widget-container\">\n\t\t\t<style>\/*! elementor - v3.20.0 - 11-03-2024 *\/\n.elementor-column .elementor-spacer-inner{height:var(--spacer-size)}.e-con{--container-widget-width:100%}.e-con-inner>.elementor-widget-spacer,.e-con>.elementor-widget-spacer{width:var(--container-widget-width,var(--spacer-size));--align-self:var(--container-widget-align-self,initial);--flex-shrink:0}.e-con-inner>.elementor-widget-spacer>.elementor-widget-container,.e-con>.elementor-widget-spacer>.elementor-widget-container{height:100%;width:100%}.e-con-inner>.elementor-widget-spacer>.elementor-widget-container>.elementor-spacer,.e-con>.elementor-widget-spacer>.elementor-widget-container>.elementor-spacer{height:100%}.e-con-inner>.elementor-widget-spacer>.elementor-widget-container>.elementor-spacer>.elementor-spacer-inner,.e-con>.elementor-widget-spacer>.elementor-widget-container>.elementor-spacer>.elementor-spacer-inner{height:var(--container-widget-height,var(--spacer-size))}.e-con-inner>.elementor-widget-spacer.elementor-widget-empty,.e-con>.elementor-widget-spacer.elementor-widget-empty{position:relative;min-height:22px;min-width:22px}.e-con-inner>.elementor-widget-spacer.elementor-widget-empty .elementor-widget-empty-icon,.e-con>.elementor-widget-spacer.elementor-widget-empty .elementor-widget-empty-icon{position:absolute;top:0;bottom:0;left:0;right:0;margin:auto;padding:0;width:22px;height:22px}<\/style>\t\t<div class=\"elementor-spacer\">\n\t\t\t<div class=\"elementor-spacer-inner\"><\/div>\n\t\t<\/div>\n\t\t\t\t<\/div>\n\t\t\t\t<\/div>\n\t\t\t\t<div class=\"elementor-element elementor-element-94ccd8f elementor-widget elementor-widget-heading\" data-id=\"94ccd8f\" data-element_type=\"widget\" data-widget_type=\"heading.default\">\n\t\t\t\t<div class=\"elementor-widget-container\">\n\t\t\t<style>\/*! elementor - v3.20.0 - 11-03-2024 *\/\n.elementor-heading-title{padding:0;margin:0;line-height:1}.elementor-widget-heading .elementor-heading-title[class*=elementor-size-]>a{color:inherit;font-size:inherit;line-height:inherit}.elementor-widget-heading .elementor-heading-title.elementor-size-small{font-size:15px}.elementor-widget-heading .elementor-heading-title.elementor-size-medium{font-size:19px}.elementor-widget-heading .elementor-heading-title.elementor-size-large{font-size:29px}.elementor-widget-heading .elementor-heading-title.elementor-size-xl{font-size:39px}.elementor-widget-heading .elementor-heading-title.elementor-size-xxl{font-size:59px}<\/style><h1 class=\"elementor-heading-title elementor-size-default\">Arabuluculuk Ba\u015fvuru Formu<\/h1>\t\t<\/div>\n\t\t\t\t<\/div>\n\t\t\t\t<div class=\"elementor-element elementor-element-8834c96 elementor-widget elementor-widget-spacer\" data-id=\"8834c96\" data-element_type=\"widget\" data-widget_type=\"spacer.default\">\n\t\t\t\t<div class=\"elementor-widget-container\">\n\t\t\t\t\t<div class=\"elementor-spacer\">\n\t\t\t<div class=\"elementor-spacer-inner\"><\/div>\n\t\t<\/div>\n\t\t\t\t<\/div>\n\t\t\t\t<\/div>\n\t\t\t\t\t<\/div>\n\t\t<\/div>\n\t\t\t\t\t<\/div>\n\t\t<\/section>\n\t\t\t\t<section class=\"elementor-section elementor-top-section elementor-element elementor-element-e7cd942 elementor-section-boxed elementor-section-height-default elementor-section-height-default wpr-particle-no wpr-jarallax-no wpr-parallax-no wpr-sticky-section-no\" data-id=\"e7cd942\" data-element_type=\"section\">\n\t\t\t\t\t\t<div class=\"elementor-container elementor-column-gap-default\">\n\t\t\t\t\t<div class=\"elementor-column elementor-col-25 elementor-top-column elementor-element elementor-element-bf4c019\" data-id=\"bf4c019\" data-element_type=\"column\">\n\t\t\t<div class=\"elementor-widget-wrap\">\n\t\t\t\t\t\t\t<\/div>\n\t\t<\/div>\n\t\t\t\t<div class=\"elementor-column elementor-col-50 elementor-top-column elementor-element elementor-element-5994e2c\" data-id=\"5994e2c\" data-element_type=\"column\">\n\t\t\t<div class=\"elementor-widget-wrap elementor-element-populated\">\n\t\t\t\t\t\t<div class=\"elementor-element elementor-element-47446b8 elementor-widget elementor-widget-shortcode\" data-id=\"47446b8\" data-element_type=\"widget\" data-widget_type=\"shortcode.default\">\n\t\t\t\t<div class=\"elementor-widget-container\">\n\t\t\t\t\t<div class=\"elementor-shortcode\"><div class='fluentform fluentform_wrapper_4'><form data-form_id=\"4\" id=\"fluentform_4\" class=\"frm-fluent-form fluent_form_4 ff-el-form-top ff_form_instance_4_1 ff-form-loading\" data-form_instance=\"ff_form_instance_4_1\" method=\"POST\" ><fieldset style=\"border: none!important;margin: 0!important;padding: 0!important;background-color: transparent!important;\n                                 box-shadow: none!important;outline: none!important;\">\n                    <legend class=\"ff_screen_reader_title\" style=\"margin: 0!important;padding: 0!important;height: 0!important;text-indent: -999999px;width: 0!important;\">Arabuluculuk Ba\u015fvuru Formu<\/legend><input type='hidden' name='__fluent_form_embded_post_id' value='2989' \/><input type=\"hidden\" id=\"_fluentform_4_fluentformnonce\" name=\"_fluentform_4_fluentformnonce\" value=\"9a332cf449\" \/><input type=\"hidden\" name=\"_wp_http_referer\" value=\"\/index.php?rest_route=%2Fwp%2Fv2%2Fpages%2F2989\" \/><div class=\"ff-el-group ff-el-section-break  ff_left\" data-name=\"section_break-4_1\" ><h3 class='ff-el-section-title'>BA\u015eVURAN<\/h3><div class='ff-section_break_desk'><\/div><hr \/><\/div><div class='ff-el-group'><div class=\"ff-el-input--label ff-el-is-required asterisk-right\"><label for='ff_4_input_text' aria-label=\"Ad\u0131 Soyad\u0131 \/ \u015eirket Ad\u0131\">Ad\u0131 Soyad\u0131 \/ \u015eirket Ad\u0131<\/label> <\/div><div class='ff-el-input--content'><input type=\"text\" name=\"input_text\" class=\"ff-el-form-control\" data-name=\"input_text\" id=\"ff_4_input_text\"  aria-invalid=\"false\" aria-required=true><\/div><\/div><div class='ff-el-group'><div class=\"ff-el-input--label ff-el-is-required asterisk-right\"><label for='ff_4_email' aria-label=\"E-posta\">E-posta<\/label> <\/div><div class='ff-el-input--content'><input type=\"email\" name=\"email\" id=\"ff_4_email\" class=\"ff-el-form-control\" data-name=\"email\"  aria-invalid=\"false\" aria-required=true><\/div><\/div><div class='ff-el-group'><div class=\"ff-el-input--label ff-el-is-required asterisk-right\"><label for='ff_4_phone' aria-label=\"Telefon Numaras\u0131\">Telefon Numaras\u0131<\/label> <\/div><div class='ff-el-input--content'><input name=\"phone\" class=\"ff-el-form-control ff-el-phone\" type=\"tel\" data-name=\"phone\" id=\"ff_4_phone\" inputmode=\"tel\" ><\/div><\/div><div class='ff-el-group'><div class=\"ff-el-input--label ff-el-is-required asterisk-right\"><label for='ff_4_dropdown' aria-label=\"\u015eehir\">\u015eehir<\/label> <\/div><div class='ff-el-input--content'><select name=\"dropdown\" id=\"ff_4_dropdown\" class=\"ff-el-form-control  ff_has_multi_select\" data-name=\"dropdown\" data-calc_value=\"0\"  aria-invalid=\"false\" aria-required=true><option value=\"\">- Se\u00e7iniz -<\/option><option value=\"Adana\"  >Adana<\/option><option value=\"Ad\u0131yaman\"  >Ad\u0131yaman<\/option><option value=\"Afyonkarahisar\"  >Afyonkarahisar<\/option><option value=\"A\u011fr\u0131\"  >A\u011fr\u0131<\/option><option value=\"Aksaray\"  >Aksaray<\/option><option value=\"Amasya\"  >Amasya<\/option><option value=\"Ankara\"  >Ankara<\/option><option value=\"Antalya\"  >Antalya<\/option><option value=\"Ardahan\"  >Ardahan<\/option><option value=\"Artvin\"  >Artvin<\/option><option value=\"Ayd\u0131n\"  >Ayd\u0131n<\/option><option value=\"Bal\u0131kesir\"  >Bal\u0131kesir<\/option><option value=\"Bart\u0131n\"  >Bart\u0131n<\/option><option value=\"Batman\"  >Batman<\/option><option value=\" Bayburt\"  >Bayburt<\/option><option value=\"Bilecik\"  >Bilecik<\/option><option value=\"Bing\u00f6l\"  >Bing\u00f6l<\/option><option value=\"Bitlis\"  >Bitlis<\/option><option value=\"Bolu\"  >Bolu<\/option><option value=\"Burdur\"  >Burdur<\/option><option value=\"Bursa\"  >Bursa<\/option><option value=\"\u00c7anakkale\"  >\u00c7anakkale<\/option><option value=\"\u00c7ank\u0131r\u0131\"  >\u00c7ank\u0131r\u0131<\/option><option value=\"\u00c7orum\"  >\u00c7orum<\/option><option value=\"Denizli\"  >Denizli<\/option><option value=\"Diyarbak\u0131r\"  >Diyarbak\u0131r<\/option><option value=\"D\u00fczce\"  >D\u00fczce<\/option><option value=\"Edirne\"  >Edirne<\/option><option value=\"Elaz\u0131\u011f\"  >Elaz\u0131\u011f<\/option><option value=\"Erzincan\"  >Erzincan<\/option><option value=\"Erzurum\"  >Erzurum<\/option><option value=\"Eski\u015fehir\"  >Eski\u015fehir<\/option><option value=\"Gaziantep\"  >Gaziantep<\/option><option value=\"Giresun\"  >Giresun<\/option><option value=\"G\u00fcm\u00fc\u015fhane\"  >G\u00fcm\u00fc\u015fhane<\/option><option value=\"Hakk\u00e2ri\"  >Hakk\u00e2ri<\/option><option value=\"Hatay\"  >Hatay<\/option><option value=\"I\u011fd\u0131r\"  >I\u011fd\u0131r<\/option><option value=\"Isparta\"  >Isparta<\/option><option value=\"\u0130stanbul\"  >\u0130stanbul<\/option><option value=\"\u0130zmir\"  >\u0130zmir<\/option><option value=\"Kahramanmara\u015f\"  >Kahramanmara\u015f<\/option><option value=\"Karab\u00fck\"  >Karab\u00fck<\/option><option value=\"Karaman\"  >Karaman<\/option><option value=\"Kars\"  >Kars<\/option><option value=\"Kastamonu\"  >Kastamonu<\/option><option value=\"Kayseri\"  >Kayseri<\/option><option value=\"Kilis\"  >Kilis<\/option><option value=\"K\u0131r\u0131kkale\"  >K\u0131r\u0131kkale<\/option><option value=\"K\u0131rklareli\"  >K\u0131rklareli<\/option><option value=\"K\u0131r\u015fehir\"  >K\u0131r\u015fehir<\/option><option value=\"Kocaeli\"  >Kocaeli<\/option><option value=\"Konya\"  >Konya<\/option><option value=\"K\u00fctahya\"  >K\u00fctahya<\/option><option value=\"Malatya\"  >Malatya<\/option><option value=\"Manisa\"  >Manisa<\/option><option value=\"Mardin\"  >Mardin<\/option><option value=\"Mersin\"  >Mersin<\/option><option value=\"Mu\u011fla\"  >Mu\u011fla<\/option><option value=\"Mu\u015f\"  >Mu\u015f<\/option><option value=\"Nev\u015fehir\"  >Nev\u015fehir<\/option><option value=\"Ni\u011fde\"  >Ni\u011fde<\/option><option value=\"Ordu\"  >Ordu<\/option><option value=\"Osmaniye\"  >Osmaniye<\/option><option value=\"Rize\"  >Rize<\/option><option value=\"Sakarya\"  >Sakarya<\/option><option value=\"Samsun\"  >Samsun<\/option><option value=\"\u015eanl\u0131urfa\"  >\u015eanl\u0131urfa<\/option><option value=\"Siirt\"  >Siirt<\/option><option value=\"Sinop\"  >Sinop<\/option><option value=\"Sivas\"  >Sivas<\/option><option value=\"\u015e\u0131rnak\"  >\u015e\u0131rnak<\/option><option value=\"Tekirda\u011f\"  >Tekirda\u011f<\/option><option value=\"Tokat\"  >Tokat<\/option><option value=\"Trabzon\"  >Trabzon<\/option><option value=\"Tunceli\"  >Tunceli<\/option><option value=\"U\u015fak\"  >U\u015fak<\/option><option value=\"Van\"  >Van<\/option><option value=\"Yalova\"  >Yalova<\/option><option value=\"Yozgat\"  >Yozgat<\/option><option value=\"Zonguldak\"  >Zonguldak<\/option><\/select><\/div><\/div><div class=\"ff-el-group ff-el-section-break  ff_left\" data-name=\"section_break-4_2\" ><h3 class='ff-el-section-title'>ARABULUCULU\u011eA DAVET ED\u0130LECEK TARAF<\/h3><div class='ff-section_break_desk'><\/div><hr \/><\/div><div class='ff-el-group'><div class=\"ff-el-input--label asterisk-right\"><label for='ff_4_input_text_1' aria-label=\"Ad\u0131 Soyad\u0131 \/ \u015eirket Ad\u0131\">Ad\u0131 Soyad\u0131 \/ \u015eirket Ad\u0131<\/label> <\/div><div class='ff-el-input--content'><input type=\"text\" name=\"input_text_1\" class=\"ff-el-form-control\" data-name=\"input_text_1\" id=\"ff_4_input_text_1\"  aria-invalid=\"false\" aria-required=false><\/div><\/div><div class='ff-el-group'><div class=\"ff-el-input--label asterisk-right\"><label for='ff_4_email_1' aria-label=\"E-posta\">E-posta<\/label> <\/div><div class='ff-el-input--content'><input type=\"email\" name=\"email_1\" id=\"ff_4_email_1\" class=\"ff-el-form-control\" data-name=\"email_1\"  aria-invalid=\"false\" aria-required=false><\/div><\/div><div class='ff-el-group'><div class=\"ff-el-input--label asterisk-right\"><label for='ff_4_phone_1' aria-label=\"Telefon Numaras\u0131\">Telefon Numaras\u0131<\/label> <\/div><div class='ff-el-input--content'><input name=\"phone_1\" class=\"ff-el-form-control ff-el-phone\" type=\"tel\" data-name=\"phone_1\" id=\"ff_4_phone_1\" inputmode=\"tel\" ><\/div><\/div><div class='ff-el-group'><div class=\"ff-el-input--label asterisk-right\"><label for='ff_4_dropdown_1' aria-label=\"\u015eehir\">\u015eehir<\/label> <\/div><div class='ff-el-input--content'><select name=\"dropdown_1\" id=\"ff_4_dropdown_1\" class=\"ff-el-form-control  ff_has_multi_select\" data-name=\"dropdown_1\" data-calc_value=\"0\"  aria-invalid=\"false\" aria-required=false><option value=\"\">- Se\u00e7iniz -<\/option><option value=\"Adana\"  >Adana<\/option><option value=\"Ad\u0131yaman\"  >Ad\u0131yaman<\/option><option value=\"Afyonkarahisar\"  >Afyonkarahisar<\/option><option value=\"A\u011fr\u0131\"  >A\u011fr\u0131<\/option><option value=\"Aksaray\"  >Aksaray<\/option><option value=\"Amasya\"  >Amasya<\/option><option value=\"Ankara\"  >Ankara<\/option><option value=\"Antalya\"  >Antalya<\/option><option value=\"Ardahan\"  >Ardahan<\/option><option value=\"Artvin\"  >Artvin<\/option><option value=\"Ayd\u0131n\"  >Ayd\u0131n<\/option><option value=\"Bal\u0131kesir\"  >Bal\u0131kesir<\/option><option value=\"Bart\u0131n\"  >Bart\u0131n<\/option><option value=\"Batman\"  >Batman<\/option><option value=\" Bayburt\"  >Bayburt<\/option><option value=\"Bilecik\"  >Bilecik<\/option><option value=\"Bing\u00f6l\"  >Bing\u00f6l<\/option><option value=\"Bitlis\"  >Bitlis<\/option><option value=\"Bolu\"  >Bolu<\/option><option value=\"Burdur\"  >Burdur<\/option><option value=\"Bursa\"  >Bursa<\/option><option value=\"\u00c7anakkale\"  >\u00c7anakkale<\/option><option value=\"\u00c7ank\u0131r\u0131\"  >\u00c7ank\u0131r\u0131<\/option><option value=\"\u00c7orum\"  >\u00c7orum<\/option><option value=\"Denizli\"  >Denizli<\/option><option value=\"Diyarbak\u0131r\"  >Diyarbak\u0131r<\/option><option value=\"D\u00fczce\"  >D\u00fczce<\/option><option value=\"Edirne\"  >Edirne<\/option><option value=\"Elaz\u0131\u011f\"  >Elaz\u0131\u011f<\/option><option value=\"Erzincan\"  >Erzincan<\/option><option value=\"Erzurum\"  >Erzurum<\/option><option value=\"Eski\u015fehir\"  >Eski\u015fehir<\/option><option value=\"Gaziantep\"  >Gaziantep<\/option><option value=\"Giresun\"  >Giresun<\/option><option value=\"G\u00fcm\u00fc\u015fhane\"  >G\u00fcm\u00fc\u015fhane<\/option><option value=\"Hakk\u00e2ri\"  >Hakk\u00e2ri<\/option><option value=\"Hatay\"  >Hatay<\/option><option value=\"I\u011fd\u0131r\"  >I\u011fd\u0131r<\/option><option value=\"Isparta\"  >Isparta<\/option><option value=\"\u0130stanbul\"  >\u0130stanbul<\/option><option value=\"\u0130zmir\"  >\u0130zmir<\/option><option value=\"Kahramanmara\u015f\"  >Kahramanmara\u015f<\/option><option value=\"Karab\u00fck\"  >Karab\u00fck<\/option><option value=\"Karaman\"  >Karaman<\/option><option value=\"Kars\"  >Kars<\/option><option value=\"Kastamonu\"  >Kastamonu<\/option><option value=\"Kayseri\"  >Kayseri<\/option><option value=\"Kilis\"  >Kilis<\/option><option value=\"K\u0131r\u0131kkale\"  >K\u0131r\u0131kkale<\/option><option value=\"K\u0131rklareli\"  >K\u0131rklareli<\/option><option value=\"K\u0131r\u015fehir\"  >K\u0131r\u015fehir<\/option><option value=\"Kocaeli\"  >Kocaeli<\/option><option value=\"Konya\"  >Konya<\/option><option value=\"K\u00fctahya\"  >K\u00fctahya<\/option><option value=\"Malatya\"  >Malatya<\/option><option value=\"Manisa\"  >Manisa<\/option><option value=\"Mardin\"  >Mardin<\/option><option value=\"Mersin\"  >Mersin<\/option><option value=\"Mu\u011fla\"  >Mu\u011fla<\/option><option value=\"Mu\u015f\"  >Mu\u015f<\/option><option value=\"Nev\u015fehir\"  >Nev\u015fehir<\/option><option value=\"Ni\u011fde\"  >Ni\u011fde<\/option><option value=\"Ordu\"  >Ordu<\/option><option value=\"Osmaniye\"  >Osmaniye<\/option><option value=\"Rize\"  >Rize<\/option><option value=\"Sakarya\"  >Sakarya<\/option><option value=\"Samsun\"  >Samsun<\/option><option value=\"\u015eanl\u0131urfa\"  >\u015eanl\u0131urfa<\/option><option value=\"Siirt\"  >Siirt<\/option><option value=\"Sinop\"  >Sinop<\/option><option value=\"Sivas\"  >Sivas<\/option><option value=\"\u015e\u0131rnak\"  >\u015e\u0131rnak<\/option><option value=\"Tekirda\u011f\"  >Tekirda\u011f<\/option><option value=\"Tokat\"  >Tokat<\/option><option value=\"Trabzon\"  >Trabzon<\/option><option value=\"Tunceli\"  >Tunceli<\/option><option value=\"U\u015fak\"  >U\u015fak<\/option><option value=\"Van\"  >Van<\/option><option value=\"Yalova\"  >Yalova<\/option><option value=\"Yozgat\"  >Yozgat<\/option><option value=\"Zonguldak\"  >Zonguldak<\/option><\/select><\/div><\/div><div class=\"ff-el-group ff-el-section-break  ff_left\" data-name=\"section_break-4_3\" ><h3 class='ff-el-section-title'>ARABULUCULUK H\u0130ZMET\u0130<\/h3><div class='ff-section_break_desk'><\/div><hr \/><\/div><div class='ff-el-group'><div class=\"ff-el-input--label ff-el-is-required asterisk-right\"><label for='ff_4_dropdown_2' aria-label=\"Arabuluculuk Konusu\">Arabuluculuk Konusu<\/label> <\/div><div class='ff-el-input--content'><select name=\"dropdown_2\" id=\"ff_4_dropdown_2\" class=\"ff-el-form-control\" data-name=\"dropdown_2\" data-calc_value=\"0\"  aria-invalid=\"false\" aria-required=true><option value=\"\">- Se\u00e7iniz-<\/option><option value=\"T\u00fcketici\"  >T\u00fcketici<\/option><option value=\"Ticari\"  >Ticari<\/option><option value=\"Alacak-verecek\"  >Alacak-verecek<\/option><option value=\"Kira\"  >Kira<\/option><option value=\"\u0130\u015f\u00e7i - i\u015fveren uyu\u015fmazl\u0131\u011f\u0131\"  >\u0130\u015f\u00e7i - i\u015fveren uyu\u015fmazl\u0131\u011f\u0131<\/option><\/select><\/div><\/div><div class='ff-el-group'><div class=\"ff-el-input--label asterisk-right\"><label for='ff_4_description' aria-label=\"Uyu\u015fmazl\u0131k Konusunu A\u00e7\u0131klay\u0131n\u0131z\">Uyu\u015fmazl\u0131k Konusunu A\u00e7\u0131klay\u0131n\u0131z<\/label> <\/div><div class='ff-el-input--content'><textarea aria-invalid=\"false\" aria-required=false name=\"description\" id=\"ff_4_description\" class=\"ff-el-form-control\" rows=\"5\" cols=\"1\" data-name=\"description\" ><\/textarea><\/div><\/div><div class='ff-el-group'><div class=\"ff-el-input--label asterisk-right\"><label for='ff_4_input_mask' aria-label=\"Uyu\u015fmazl\u0131\u011f\u0131n Tahmini Maddi De\u011feri (\u20ba)\">Uyu\u015fmazl\u0131\u011f\u0131n Tahmini Maddi De\u011feri (\u20ba)<\/label> <\/div><div class='ff-el-input--content'><input type=\"text\" name=\"input_mask\" data-mask=\"000000000000000000000000000\" class=\"ff-el-form-control\" data-name=\"input_mask\" id=\"ff_4_input_mask\"  aria-invalid=\"false\" aria-required=false><\/div><\/div><div class='ff-el-group'><div class=\"ff-el-input--label asterisk-right\"><label for='ff_4_file-upload_1' aria-label=\"Uyu\u015fmazl\u0131\u011fa ili\u015fkin belgeleri ekleyiniz.\">Uyu\u015fmazl\u0131\u011fa ili\u015fkin belgeleri ekleyiniz.<\/label> <\/div><div class='ff-el-input--content'><label for='ff_4_file-upload_1' class='ff_file_upload_holder'><span class='ff_upload_btn ff-btn'>Dosya Se\u00e7in<\/span> <input type=\"file\" name=\"file-upload\" id=\"ff_4_file-upload_1\" class=\"ff-el-form-control  ff-screen-reader-element\" data-name=\"file-upload\" multiple=\"1\" ><\/label><\/div><\/div><div class='ff-el-group    ff-el-input--content'><div class='ff-el-form-check ff-el-tc'><label aria-label='terms & conditions' class='ff-el-form-check-label ff_tc_label' for=gdpr-agreement_f0f712ee75d54b5b0a1dc5547814a911><span class='ff_tc_checkbox'><input type=\"checkbox\" name=\"gdpr-agreement\" class=\"ff-el-form-check-input ff_gdpr_field\" data-name=\"gdpr-agreement\" id=\"gdpr-agreement_f0f712ee75d54b5b0a1dc5547814a911\"  value='on' aria-invalid='false' aria-required=true><\/span> <div class='ff_t_c'><a href=\"https:\/\/masfedtam.com.tr\/?page_id=3779\">KVKK Ayd\u0131nlatma Metnini<\/a> Okudum. Onayl\u0131yorum.<\/div><\/label><\/div><\/div><div class='ff-el-group ff-text-center ff_submit_btn_wrapper'><button type=\"submit\" class=\"ff-btn ff-btn-submit ff-btn-lg ff_btn_style\" >Ba\u015fvuru Yap<\/button><\/div><\/fieldset><\/form><div id='fluentform_4_errors' class='ff-errors-in-stack ff_form_instance_4_1 ff-form-loading_errors ff_form_instance_4_1_errors'><\/div><\/div>        <script type=\"text\/javascript\">\n            window.fluent_form_ff_form_instance_4_1 = {\"id\":\"4\",\"settings\":{\"layout\":{\"labelPlacement\":\"top\",\"helpMessagePlacement\":\"with_label\",\"errorMessagePlacement\":\"inline\",\"cssClassName\":\"\",\"asteriskPlacement\":\"asterisk-right\"},\"restrictions\":{\"denyEmptySubmission\":{\"enabled\":false}}},\"form_instance\":\"ff_form_instance_4_1\",\"form_id_selector\":\"fluentform_4\",\"rules\":{\"input_text\":{\"required\":{\"value\":true,\"message\":\"Bu alan zorunludur.\"}},\"email\":{\"required\":{\"value\":true,\"message\":\"Bu alan zorunludur.\"},\"email\":{\"value\":true,\"message\":\"Ge\\u00e7erli bir posta adresi girmelisiniz\"}},\"phone\":{\"required\":{\"value\":true,\"message\":\"Bu alan zorunludur\"},\"valid_phone_number\":{\"value\":true,\"message\":\"Ge\\u00e7erli bir telefon numaras\\u0131 girmelisiniz.\"}},\"dropdown\":{\"required\":{\"value\":true,\"message\":\"Bu alan zorunludur.\"}},\"input_text_1\":{\"required\":{\"value\":false,\"message\":\"Bu alan zorunludur.\"}},\"email_1\":{\"required\":{\"value\":false,\"message\":\"Bu alan zorunludur.\"},\"email\":{\"value\":true,\"message\":\"Ge\\u00e7erli bir posta adresi girmelisiniz\"}},\"phone_1\":{\"required\":{\"value\":false,\"message\":\"Bu alan zorunludur\"},\"valid_phone_number\":{\"value\":true,\"message\":\"Ge\\u00e7erli bir telefon numaras\\u0131 girmelisiniz.\"}},\"dropdown_1\":{\"required\":{\"value\":false,\"message\":\"Bu alan zorunludur.\"}},\"dropdown_2\":{\"required\":{\"value\":true,\"message\":\"This field is required\"}},\"description\":{\"required\":{\"value\":false,\"message\":\"This field is required\"}},\"input_mask\":{\"required\":{\"value\":false,\"message\":\"This field is required\"}},\"file-upload\":{\"required\":{\"value\":false,\"message\":\"This field is required\"},\"max_file_size\":{\"value\":10485760,\"_valueFrom\":\"MB\",\"message\":\"Y\\u00fckledi\\u011finiz dosya 10 MB s\\u0131n\\u0131r\\u0131n\\u0131 a\\u015f\\u0131yor\"},\"max_file_count\":{\"value\":\"10\",\"message\":\"En fazla 10 dosya y\\u00fckleyebilirsiniz\"},\"allowed_file_types\":{\"value\":[\"jpg|jpeg|gif|png|bmp\",\"mp3|wav|ogg|oga|wma|mka|m4a|ra|mid|midi|mpga\",\"avi|divx|flv|mov|ogv|mkv|mp4|m4v|divx|mpg|mpeg|mpe|video\\\/quicktime|qt\",\"pdf\",\"doc|ppt|pps|xls|mdb|docx|xlsx|pptx|odt|odp|ods|odg|odc|odb|odf|rtf|txt\",\"zip|gz|gzip|rar|7z\"],\"message\":\"Ge\\u00e7ersiz dosya bi\\u00e7imi\"}},\"gdpr-agreement\":{\"required\":{\"value\":true,\"message\":\"KVKK Ayd\\u0131nlatma metnini okuyup onaylamal\\u0131s\\u0131n\\u0131z.\"}}}};\n                    <\/script>\n        <\/div>\n\t\t\t\t<\/div>\n\t\t\t\t<\/div>\n\t\t\t\t\t<\/div>\n\t\t<\/div>\n\t\t\t\t<div class=\"elementor-column elementor-col-25 elementor-top-column elementor-element elementor-element-83eb1b9\" data-id=\"83eb1b9\" data-element_type=\"column\">\n\t\t\t<div class=\"elementor-widget-wrap\">\n\t\t\t\t\t\t\t<\/div>\n\t\t<\/div>\n\t\t\t\t\t<\/div>\n\t\t<\/section>\n\t\t\t\t<\/div>\n\t\t","protected":false},"excerpt":{"rendered":"<p>Arabuluculuk Ba\u015fvuru Formu<\/p>\n","protected":false},"author":1,"featured_media":0,"parent":0,"menu_order":0,"comment_status":"closed","ping_status":"closed","template":"elementor_canvas","meta":{"_mi_skip_tracking":false,"_monsterinsights_sitenote_active":false,"_monsterinsights_sitenote_note":"","_monsterinsights_sitenote_category":0,"footnotes":""},"class_list":["post-2989","page","type-page","status-publish","hentry"],"aioseo_notices":[],"_links":{"self":[{"href":"https:\/\/masfedtam.com.tr\/index.php?rest_route=\/wp\/v2\/pages\/2989","targetHints":{"allow":["GET"]}}],"collection":[{"href":"https:\/\/masfedtam.com.tr\/index.php?rest_route=\/wp\/v2\/pages"}],"about":[{"href":"https:\/\/masfedtam.com.tr\/index.php?rest_route=\/wp\/v2\/types\/page"}],"author":[{"embeddable":true,"href":"https:\/\/masfedtam.com.tr\/index.php?rest_route=\/wp\/v2\/users\/1"}],"replies":[{"embeddable":true,"href":"https:\/\/masfedtam.com.tr\/index.php?rest_route=%2Fwp%2Fv2%2Fcomments&post=2989"}],"version-history":[{"count":0,"href":"https:\/\/masfedtam.com.tr\/index.php?rest_route=\/wp\/v2\/pages\/2989\/revisions"}],"wp:attachment":[{"href":"https:\/\/masfedtam.com.tr\/index.php?rest_route=%2Fwp%2Fv2%2Fmedia&parent=2989"}],"curies":[{"name":"wp","href":"https:\/\/api.w.org\/{rel}","templated":true}]}}