{"id":2893,"date":"2023-03-10T13:45:05","date_gmt":"2023-03-10T10:45:05","guid":{"rendered":"https:\/\/masfedtam.com.tr\/?page_id=2893"},"modified":"2023-06-21T12:01:36","modified_gmt":"2023-06-21T09:01:36","slug":"tahkimin-tanimi","status":"publish","type":"page","link":"https:\/\/masfedtam.com.tr\/?page_id=2893","title":{"rendered":"Tahkimin Tan\u0131m\u0131"},"content":{"rendered":"\t\t<div data-elementor-type=\"wp-page\" data-elementor-id=\"2893\" class=\"elementor elementor-2893\">\n\t\t\t\t\t\t<section class=\"elementor-section elementor-top-section elementor-element elementor-element-f780334 elementor-section-boxed elementor-section-height-default elementor-section-height-default wpr-particle-no wpr-jarallax-no wpr-parallax-no wpr-sticky-section-no\" data-id=\"f780334\" data-element_type=\"section\" data-settings=\"{&quot;background_background&quot;:&quot;classic&quot;}\">\n\t\t\t\t\t\t\t<div class=\"elementor-background-overlay\"><\/div>\n\t\t\t\t\t\t\t<div class=\"elementor-container elementor-column-gap-default\">\n\t\t\t\t\t<div class=\"elementor-column elementor-col-100 elementor-top-column elementor-element elementor-element-cc32068\" data-id=\"cc32068\" data-element_type=\"column\">\n\t\t\t<div class=\"elementor-widget-wrap elementor-element-populated\">\n\t\t\t\t\t\t<div class=\"elementor-element elementor-element-c3c7b5f elementor-widget elementor-widget-spacer\" data-id=\"c3c7b5f\" data-element_type=\"widget\" data-widget_type=\"spacer.default\">\n\t\t\t\t<div class=\"elementor-widget-container\">\n\t\t\t<style>\/*! elementor - v3.20.0 - 11-03-2024 *\/\n.elementor-column .elementor-spacer-inner{height:var(--spacer-size)}.e-con{--container-widget-width:100%}.e-con-inner>.elementor-widget-spacer,.e-con>.elementor-widget-spacer{width:var(--container-widget-width,var(--spacer-size));--align-self:var(--container-widget-align-self,initial);--flex-shrink:0}.e-con-inner>.elementor-widget-spacer>.elementor-widget-container,.e-con>.elementor-widget-spacer>.elementor-widget-container{height:100%;width:100%}.e-con-inner>.elementor-widget-spacer>.elementor-widget-container>.elementor-spacer,.e-con>.elementor-widget-spacer>.elementor-widget-container>.elementor-spacer{height:100%}.e-con-inner>.elementor-widget-spacer>.elementor-widget-container>.elementor-spacer>.elementor-spacer-inner,.e-con>.elementor-widget-spacer>.elementor-widget-container>.elementor-spacer>.elementor-spacer-inner{height:var(--container-widget-height,var(--spacer-size))}.e-con-inner>.elementor-widget-spacer.elementor-widget-empty,.e-con>.elementor-widget-spacer.elementor-widget-empty{position:relative;min-height:22px;min-width:22px}.e-con-inner>.elementor-widget-spacer.elementor-widget-empty .elementor-widget-empty-icon,.e-con>.elementor-widget-spacer.elementor-widget-empty .elementor-widget-empty-icon{position:absolute;top:0;bottom:0;left:0;right:0;margin:auto;padding:0;width:22px;height:22px}<\/style>\t\t<div class=\"elementor-spacer\">\n\t\t\t<div class=\"elementor-spacer-inner\"><\/div>\n\t\t<\/div>\n\t\t\t\t<\/div>\n\t\t\t\t<\/div>\n\t\t\t\t<div class=\"elementor-element elementor-element-3e013c6 elementor-widget elementor-widget-heading\" data-id=\"3e013c6\" data-element_type=\"widget\" data-widget_type=\"heading.default\">\n\t\t\t\t<div class=\"elementor-widget-container\">\n\t\t\t<style>\/*! elementor - v3.20.0 - 11-03-2024 *\/\n.elementor-heading-title{padding:0;margin:0;line-height:1}.elementor-widget-heading .elementor-heading-title[class*=elementor-size-]>a{color:inherit;font-size:inherit;line-height:inherit}.elementor-widget-heading .elementor-heading-title.elementor-size-small{font-size:15px}.elementor-widget-heading .elementor-heading-title.elementor-size-medium{font-size:19px}.elementor-widget-heading .elementor-heading-title.elementor-size-large{font-size:29px}.elementor-widget-heading .elementor-heading-title.elementor-size-xl{font-size:39px}.elementor-widget-heading .elementor-heading-title.elementor-size-xxl{font-size:59px}<\/style><h1 class=\"elementor-heading-title elementor-size-default\">Tahkimin Tan\u0131m\u0131<\/h1>\t\t<\/div>\n\t\t\t\t<\/div>\n\t\t\t\t<div class=\"elementor-element elementor-element-fbb25a0 elementor-widget elementor-widget-spacer\" data-id=\"fbb25a0\" data-element_type=\"widget\" data-widget_type=\"spacer.default\">\n\t\t\t\t<div class=\"elementor-widget-container\">\n\t\t\t\t\t<div class=\"elementor-spacer\">\n\t\t\t<div class=\"elementor-spacer-inner\"><\/div>\n\t\t<\/div>\n\t\t\t\t<\/div>\n\t\t\t\t<\/div>\n\t\t\t\t\t<\/div>\n\t\t<\/div>\n\t\t\t\t\t<\/div>\n\t\t<\/section>\n\t\t\t\t<section class=\"elementor-section elementor-top-section elementor-element elementor-element-6903194 elementor-section-boxed elementor-section-height-default elementor-section-height-default wpr-particle-no wpr-jarallax-no wpr-parallax-no wpr-sticky-section-no\" data-id=\"6903194\" data-element_type=\"section\">\n\t\t\t\t\t\t<div class=\"elementor-container elementor-column-gap-default\">\n\t\t\t\t\t<div class=\"elementor-column elementor-col-100 elementor-top-column elementor-element elementor-element-f0630ae\" data-id=\"f0630ae\" data-element_type=\"column\">\n\t\t\t<div class=\"elementor-widget-wrap elementor-element-populated\">\n\t\t\t\t\t\t<div class=\"elementor-element elementor-element-fced1e7 elementor-widget elementor-widget-heading\" data-id=\"fced1e7\" data-element_type=\"widget\" data-widget_type=\"heading.default\">\n\t\t\t\t<div class=\"elementor-widget-container\">\n\t\t\t<h3 class=\"elementor-heading-title elementor-size-default\">Tahkim Nedir?<\/h3>\t\t<\/div>\n\t\t\t\t<\/div>\n\t\t\t\t\t<\/div>\n\t\t<\/div>\n\t\t\t\t\t<\/div>\n\t\t<\/section>\n\t\t\t\t<section class=\"elementor-section elementor-top-section elementor-element elementor-element-cfbafb6 elementor-section-boxed elementor-section-height-default elementor-section-height-default wpr-particle-no wpr-jarallax-no wpr-parallax-no wpr-sticky-section-no\" data-id=\"cfbafb6\" data-element_type=\"section\">\n\t\t\t\t\t\t<div class=\"elementor-container elementor-column-gap-default\">\n\t\t\t\t\t<div class=\"elementor-column elementor-col-66 elementor-top-column elementor-element elementor-element-c692f06\" data-id=\"c692f06\" data-element_type=\"column\">\n\t\t\t<div class=\"elementor-widget-wrap elementor-element-populated\">\n\t\t\t\t\t\t<div class=\"elementor-element elementor-element-53f8ed6 elementor-widget elementor-widget-text-editor\" data-id=\"53f8ed6\" data-element_type=\"widget\" data-widget_type=\"text-editor.default\">\n\t\t\t\t<div class=\"elementor-widget-container\">\n\t\t\t<style>\/*! elementor - v3.20.0 - 11-03-2024 *\/\n.elementor-widget-text-editor.elementor-drop-cap-view-stacked .elementor-drop-cap{background-color:#69727d;color:#fff}.elementor-widget-text-editor.elementor-drop-cap-view-framed .elementor-drop-cap{color:#69727d;border:3px solid;background-color:transparent}.elementor-widget-text-editor:not(.elementor-drop-cap-view-default) .elementor-drop-cap{margin-top:8px}.elementor-widget-text-editor:not(.elementor-drop-cap-view-default) .elementor-drop-cap-letter{width:1em;height:1em}.elementor-widget-text-editor .elementor-drop-cap{float:left;text-align:center;line-height:1;font-size:50px}.elementor-widget-text-editor .elementor-drop-cap-letter{display:inline-block}<\/style>\t\t\t\t<p>Tahkim, taraflar aras\u0131ndaki uyu\u015fmazl\u0131klar\u0131n devlet mahkemeleri yerine hakem ad\u0131 verilen kimseler arac\u0131l\u0131\u011f\u0131 ile nihai olarak \u00e7\u00f6z\u00fcmlenmesidir.<\/p><p><strong>MASFEDTAM <\/strong>Alternatif Uyu\u015fmazl\u0131k Ve \u00c7\u00f6z\u00fcm Merkezi, gerek T\u00fcrkiye\u2019deki gerekse yurtd\u0131\u015f\u0131ndaki ticari akt\u00f6rler aras\u0131ndaki uyu\u015fmazl\u0131klar\u0131n kurumsal tahkim yoluyla ba\u011flay\u0131c\u0131, nihai ve icra edilebilir olarak \u00e7\u00f6z\u00fcmlenmesi i\u00e7in<\/p><p>Yarg\u0131lama hizmeti sunmaktad\u0131r. Taraflar\u0131n, aralar\u0131ndaki do\u011fmu\u015f veya do\u011fabilecek uyu\u015fmazl\u0131klar\u0131n <strong>MASFEDTAM<\/strong>\u00a0Alternatif Uyu\u015fmazl\u0131k Ve \u00c7\u00f6z\u00fcm Merkezi Tahkim Kurallar\u0131 uyar\u0131nca tahkimde \u00e7\u00f6z\u00fcmlenece\u011fi hakk\u0131nda anla\u015fmalar\u0131 yeterlidir.<\/p>\t\t\t\t\t\t<\/div>\n\t\t\t\t<\/div>\n\t\t\t\t\t<\/div>\n\t\t<\/div>\n\t\t\t\t<div class=\"elementor-column elementor-col-33 elementor-top-column elementor-element elementor-element-650d51a\" data-id=\"650d51a\" data-element_type=\"column\">\n\t\t\t<div class=\"elementor-widget-wrap elementor-element-populated\">\n\t\t\t\t\t\t<div class=\"elementor-element elementor-element-01853ed elementor-widget elementor-widget-image\" data-id=\"01853ed\" data-element_type=\"widget\" data-widget_type=\"image.default\">\n\t\t\t\t<div class=\"elementor-widget-container\">\n\t\t\t<style>\/*! elementor - v3.20.0 - 11-03-2024 *\/\n.elementor-widget-image{text-align:center}.elementor-widget-image a{display:inline-block}.elementor-widget-image a img[src$=\".svg\"]{width:48px}.elementor-widget-image img{vertical-align:middle;display:inline-block}<\/style>\t\t\t\t\t\t\t\t\t\t<img fetchpriority=\"high\" decoding=\"async\" width=\"2560\" height=\"1707\" src=\"https:\/\/masfedtam.com.tr\/wp-content\/uploads\/2023\/03\/people-cliff-giving-himself-handshake-scaled.jpg\" class=\"attachment-full size-full wp-image-2900\" alt=\"\" srcset=\"https:\/\/masfedtam.com.tr\/wp-content\/uploads\/2023\/03\/people-cliff-giving-himself-handshake-scaled.jpg 2560w, https:\/\/masfedtam.com.tr\/wp-content\/uploads\/2023\/03\/people-cliff-giving-himself-handshake-300x200.jpg 300w, https:\/\/masfedtam.com.tr\/wp-content\/uploads\/2023\/03\/people-cliff-giving-himself-handshake-1024x683.jpg 1024w, https:\/\/masfedtam.com.tr\/wp-content\/uploads\/2023\/03\/people-cliff-giving-himself-handshake-768x512.jpg 768w, https:\/\/masfedtam.com.tr\/wp-content\/uploads\/2023\/03\/people-cliff-giving-himself-handshake-1536x1024.jpg 1536w, https:\/\/masfedtam.com.tr\/wp-content\/uploads\/2023\/03\/people-cliff-giving-himself-handshake-2048x1365.jpg 2048w\" sizes=\"(max-width: 2560px) 100vw, 2560px\" \/>\t\t\t\t\t\t\t\t\t\t\t\t\t<\/div>\n\t\t\t\t<\/div>\n\t\t\t\t\t<\/div>\n\t\t<\/div>\n\t\t\t\t\t<\/div>\n\t\t<\/section>\n\t\t\t\t<section class=\"elementor-section elementor-top-section elementor-element elementor-element-f0bd55a elementor-section-boxed elementor-section-height-default elementor-section-height-default wpr-particle-no wpr-jarallax-no wpr-parallax-no wpr-sticky-section-no\" data-id=\"f0bd55a\" data-element_type=\"section\">\n\t\t\t\t\t\t<div class=\"elementor-container elementor-column-gap-default\">\n\t\t\t\t\t<div class=\"elementor-column elementor-col-33 elementor-top-column elementor-element elementor-element-4574590\" data-id=\"4574590\" data-element_type=\"column\">\n\t\t\t<div class=\"elementor-widget-wrap elementor-element-populated\">\n\t\t\t\t\t\t<div class=\"elementor-element elementor-element-ecf5b0f elementor-widget elementor-widget-image\" data-id=\"ecf5b0f\" data-element_type=\"widget\" data-widget_type=\"image.default\">\n\t\t\t\t<div class=\"elementor-widget-container\">\n\t\t\t\t\t\t\t\t\t\t\t\t\t<img decoding=\"async\" width=\"1773\" height=\"1182\" src=\"https:\/\/masfedtam.com.tr\/wp-content\/uploads\/2023\/03\/businessmen-shaking-hands-during-meeting.jpg\" class=\"attachment-full size-full wp-image-2905\" alt=\"\" srcset=\"https:\/\/masfedtam.com.tr\/wp-content\/uploads\/2023\/03\/businessmen-shaking-hands-during-meeting.jpg 1773w, https:\/\/masfedtam.com.tr\/wp-content\/uploads\/2023\/03\/businessmen-shaking-hands-during-meeting-300x200.jpg 300w, https:\/\/masfedtam.com.tr\/wp-content\/uploads\/2023\/03\/businessmen-shaking-hands-during-meeting-1024x683.jpg 1024w, https:\/\/masfedtam.com.tr\/wp-content\/uploads\/2023\/03\/businessmen-shaking-hands-during-meeting-768x512.jpg 768w, https:\/\/masfedtam.com.tr\/wp-content\/uploads\/2023\/03\/businessmen-shaking-hands-during-meeting-1536x1024.jpg 1536w\" sizes=\"(max-width: 1773px) 100vw, 1773px\" \/>\t\t\t\t\t\t\t\t\t\t\t\t\t<\/div>\n\t\t\t\t<\/div>\n\t\t\t\t\t<\/div>\n\t\t<\/div>\n\t\t\t\t<div class=\"elementor-column elementor-col-66 elementor-top-column elementor-element elementor-element-121e439\" data-id=\"121e439\" data-element_type=\"column\">\n\t\t\t<div class=\"elementor-widget-wrap elementor-element-populated\">\n\t\t\t\t\t\t<div class=\"elementor-element elementor-element-d017466 elementor-widget elementor-widget-text-editor\" data-id=\"d017466\" data-element_type=\"widget\" data-widget_type=\"text-editor.default\">\n\t\t\t\t<div class=\"elementor-widget-container\">\n\t\t\t\t\t\t\t<p><strong>MASFEDTAM<\/strong>\u00a0Alternatif Uyu\u015fmazl\u0131k Ve \u00c7\u00f6z\u00fcm Merkezi, <strong><b>\u00a0<\/b><\/strong>ticari hayat\u0131n ihtiya\u00e7lar\u0131na cevap veren,<\/p><ul><li>H\u0131zl\u0131<\/li><li>Uzmanla\u015fm\u0131\u015f<\/li><li>Esnek<\/li><li>Devlet mahkemelerine g\u00f6re \u00e7ok daha az masrafl\u0131 bir yarg\u0131lama hizmeti sunmaktad\u0131r.<\/li><\/ul><p>\u00a0<\/p><p><strong>MASFEDTAM<\/strong>\u00a0Alternatif Uyu\u015fmazl\u0131k Ve \u00c7\u00f6z\u00fcm Merkezi Tahkimi, uyu\u015fmazl\u0131klar\u0131n devlet mahkemelerine g\u00f6re daha h\u0131zl\u0131 ve etkin bir \u015fekilde \u00e7\u00f6z\u00fcmlenmesini sa\u011flar. MASFEDTAM Alternatif Uyu\u015fmazl\u0131k Ve \u00c7\u00f6z\u00fcm Merkezi Tahkimi sonucunda verilen hakem kararlar\u0131, t\u0131pk\u0131 mahkeme kararlar\u0131 gibi icra daireleri vas\u0131tas\u0131yla icra edilirler. Hakem kararlar\u0131n\u0131n, temyize gidilmeksizin derhal icras\u0131 s\u00f6z konusudur.<\/p>\t\t\t\t\t\t<\/div>\n\t\t\t\t<\/div>\n\t\t\t\t\t<\/div>\n\t\t<\/div>\n\t\t\t\t\t<\/div>\n\t\t<\/section>\n\t\t\t\t<\/div>\n\t\t","protected":false},"excerpt":{"rendered":"<p>Tahkimin Tan\u0131m\u0131 Tahkim Nedir? Tahkim, taraflar aras\u0131ndaki uyu\u015fmazl\u0131klar\u0131n devlet mahkemeleri yerine hakem ad\u0131 verilen kimseler arac\u0131l\u0131\u011f\u0131 ile nihai olarak \u00e7\u00f6z\u00fcmlenmesidir. MASFEDTAM Alternatif Uyu\u015fmazl\u0131k Ve \u00c7\u00f6z\u00fcm Merkezi, gerek T\u00fcrkiye\u2019deki gerekse yurtd\u0131\u015f\u0131ndaki ticari akt\u00f6rler aras\u0131ndaki uyu\u015fmazl\u0131klar\u0131n kurumsal tahkim yoluyla ba\u011flay\u0131c\u0131, nihai ve icra edilebilir olarak \u00e7\u00f6z\u00fcmlenmesi i\u00e7in Yarg\u0131lama hizmeti sunmaktad\u0131r. Taraflar\u0131n, aralar\u0131ndaki do\u011fmu\u015f veya do\u011fabilecek uyu\u015fmazl\u0131klar\u0131n MASFEDTAM\u00a0Alternatif [&hellip;]<\/p>\n","protected":false},"author":1,"featured_media":0,"parent":0,"menu_order":0,"comment_status":"closed","ping_status":"closed","template":"elementor_canvas","meta":{"_mi_skip_tracking":false,"_monsterinsights_sitenote_active":false,"_monsterinsights_sitenote_note":"","_monsterinsights_sitenote_category":0,"footnotes":""},"class_list":["post-2893","page","type-page","status-publish","hentry"],"aioseo_notices":[],"_links":{"self":[{"href":"https:\/\/masfedtam.com.tr\/index.php?rest_route=\/wp\/v2\/pages\/2893","targetHints":{"allow":["GET"]}}],"collection":[{"href":"https:\/\/masfedtam.com.tr\/index.php?rest_route=\/wp\/v2\/pages"}],"about":[{"href":"https:\/\/masfedtam.com.tr\/index.php?rest_route=\/wp\/v2\/types\/page"}],"author":[{"embeddable":true,"href":"https:\/\/masfedtam.com.tr\/index.php?rest_route=\/wp\/v2\/users\/1"}],"replies":[{"embeddable":true,"href":"https:\/\/masfedtam.com.tr\/index.php?rest_route=%2Fwp%2Fv2%2Fcomments&post=2893"}],"version-history":[{"count":0,"href":"https:\/\/masfedtam.com.tr\/index.php?rest_route=\/wp\/v2\/pages\/2893\/revisions"}],"wp:attachment":[{"href":"https:\/\/masfedtam.com.tr\/index.php?rest_route=%2Fwp%2Fv2%2Fmedia&parent=2893"}],"curies":[{"name":"wp","href":"https:\/\/api.w.org\/{rel}","templated":true}]}}