{"id":267,"date":"2021-11-25T06:14:02","date_gmt":"2021-11-25T03:14:02","guid":{"rendered":"https:\/\/demosites.royal-elementor-addons.com\/medical-1\/?page_id=267"},"modified":"2023-05-15T15:15:35","modified_gmt":"2023-05-15T12:15:35","slug":"hakkimizda-2","status":"publish","type":"page","link":"https:\/\/masfedtam.com.tr\/?page_id=267","title":{"rendered":"Hakk\u0131m\u0131zda"},"content":{"rendered":"\t\t<div data-elementor-type=\"wp-page\" data-elementor-id=\"267\" class=\"elementor elementor-267\">\n\t\t\t\t\t\t<section class=\"elementor-section elementor-top-section elementor-element elementor-element-461c725 elementor-section-boxed elementor-section-height-default elementor-section-height-default wpr-particle-no wpr-jarallax-no wpr-parallax-no wpr-sticky-section-no\" data-id=\"461c725\" data-element_type=\"section\" data-settings=\"{&quot;background_background&quot;:&quot;classic&quot;}\">\n\t\t\t\t\t\t\t<div class=\"elementor-background-overlay\"><\/div>\n\t\t\t\t\t\t\t<div class=\"elementor-container elementor-column-gap-default\">\n\t\t\t\t\t<div class=\"elementor-column elementor-col-100 elementor-top-column elementor-element elementor-element-1944f85\" data-id=\"1944f85\" data-element_type=\"column\">\n\t\t\t<div class=\"elementor-widget-wrap elementor-element-populated\">\n\t\t\t\t\t\t<div class=\"elementor-element elementor-element-6fe12e6 elementor-widget elementor-widget-spacer\" data-id=\"6fe12e6\" data-element_type=\"widget\" data-widget_type=\"spacer.default\">\n\t\t\t\t<div class=\"elementor-widget-container\">\n\t\t\t<style>\/*! elementor - v3.20.0 - 11-03-2024 *\/\n.elementor-column .elementor-spacer-inner{height:var(--spacer-size)}.e-con{--container-widget-width:100%}.e-con-inner>.elementor-widget-spacer,.e-con>.elementor-widget-spacer{width:var(--container-widget-width,var(--spacer-size));--align-self:var(--container-widget-align-self,initial);--flex-shrink:0}.e-con-inner>.elementor-widget-spacer>.elementor-widget-container,.e-con>.elementor-widget-spacer>.elementor-widget-container{height:100%;width:100%}.e-con-inner>.elementor-widget-spacer>.elementor-widget-container>.elementor-spacer,.e-con>.elementor-widget-spacer>.elementor-widget-container>.elementor-spacer{height:100%}.e-con-inner>.elementor-widget-spacer>.elementor-widget-container>.elementor-spacer>.elementor-spacer-inner,.e-con>.elementor-widget-spacer>.elementor-widget-container>.elementor-spacer>.elementor-spacer-inner{height:var(--container-widget-height,var(--spacer-size))}.e-con-inner>.elementor-widget-spacer.elementor-widget-empty,.e-con>.elementor-widget-spacer.elementor-widget-empty{position:relative;min-height:22px;min-width:22px}.e-con-inner>.elementor-widget-spacer.elementor-widget-empty .elementor-widget-empty-icon,.e-con>.elementor-widget-spacer.elementor-widget-empty .elementor-widget-empty-icon{position:absolute;top:0;bottom:0;left:0;right:0;margin:auto;padding:0;width:22px;height:22px}<\/style>\t\t<div class=\"elementor-spacer\">\n\t\t\t<div class=\"elementor-spacer-inner\"><\/div>\n\t\t<\/div>\n\t\t\t\t<\/div>\n\t\t\t\t<\/div>\n\t\t\t\t<div class=\"elementor-element elementor-element-22085ca elementor-widget elementor-widget-heading\" data-id=\"22085ca\" data-element_type=\"widget\" data-widget_type=\"heading.default\">\n\t\t\t\t<div class=\"elementor-widget-container\">\n\t\t\t<style>\/*! elementor - v3.20.0 - 11-03-2024 *\/\n.elementor-heading-title{padding:0;margin:0;line-height:1}.elementor-widget-heading .elementor-heading-title[class*=elementor-size-]>a{color:inherit;font-size:inherit;line-height:inherit}.elementor-widget-heading .elementor-heading-title.elementor-size-small{font-size:15px}.elementor-widget-heading .elementor-heading-title.elementor-size-medium{font-size:19px}.elementor-widget-heading .elementor-heading-title.elementor-size-large{font-size:29px}.elementor-widget-heading .elementor-heading-title.elementor-size-xl{font-size:39px}.elementor-widget-heading .elementor-heading-title.elementor-size-xxl{font-size:59px}<\/style><h1 class=\"elementor-heading-title elementor-size-default\">Hakk\u0131m\u0131zda<\/h1>\t\t<\/div>\n\t\t\t\t<\/div>\n\t\t\t\t<div class=\"elementor-element elementor-element-16c1e8b elementor-widget elementor-widget-spacer\" data-id=\"16c1e8b\" data-element_type=\"widget\" data-widget_type=\"spacer.default\">\n\t\t\t\t<div class=\"elementor-widget-container\">\n\t\t\t\t\t<div class=\"elementor-spacer\">\n\t\t\t<div class=\"elementor-spacer-inner\"><\/div>\n\t\t<\/div>\n\t\t\t\t<\/div>\n\t\t\t\t<\/div>\n\t\t\t\t\t<\/div>\n\t\t<\/div>\n\t\t\t\t\t<\/div>\n\t\t<\/section>\n\t\t\t\t<section class=\"elementor-section elementor-top-section elementor-element elementor-element-a4b5b2c elementor-section-boxed elementor-section-height-default elementor-section-height-default wpr-particle-no wpr-jarallax-no wpr-parallax-no wpr-sticky-section-no\" data-id=\"a4b5b2c\" data-element_type=\"section\">\n\t\t\t\t\t\t<div class=\"elementor-container elementor-column-gap-default\">\n\t\t\t\t\t<div class=\"elementor-column elementor-col-66 elementor-top-column elementor-element elementor-element-8cc9e7f\" data-id=\"8cc9e7f\" data-element_type=\"column\">\n\t\t\t<div class=\"elementor-widget-wrap elementor-element-populated\">\n\t\t\t\t\t\t<div class=\"elementor-element elementor-element-7d954eb elementor-widget elementor-widget-heading\" data-id=\"7d954eb\" data-element_type=\"widget\" data-widget_type=\"heading.default\">\n\t\t\t\t<div class=\"elementor-widget-container\">\n\t\t\t<h5 class=\"elementor-heading-title elementor-size-default\">MASFEDTAM TAHK\u0130M ARABULUCULUK VE <br>ALTERNAT\u0130F UYU\u015eMAZLIK \u00c7\u00d6Z\u00dcM MERKEZ\u0130,<\/h5>\t\t<\/div>\n\t\t\t\t<\/div>\n\t\t\t\t<div class=\"elementor-element elementor-element-d1c2362 elementor-widget-divider--view-line elementor-widget elementor-widget-divider\" data-id=\"d1c2362\" data-element_type=\"widget\" data-widget_type=\"divider.default\">\n\t\t\t\t<div class=\"elementor-widget-container\">\n\t\t\t<style>\/*! elementor - v3.20.0 - 11-03-2024 *\/\n.elementor-widget-divider{--divider-border-style:none;--divider-border-width:1px;--divider-color:#0c0d0e;--divider-icon-size:20px;--divider-element-spacing:10px;--divider-pattern-height:24px;--divider-pattern-size:20px;--divider-pattern-url:none;--divider-pattern-repeat:repeat-x}.elementor-widget-divider .elementor-divider{display:flex}.elementor-widget-divider .elementor-divider__text{font-size:15px;line-height:1;max-width:95%}.elementor-widget-divider .elementor-divider__element{margin:0 var(--divider-element-spacing);flex-shrink:0}.elementor-widget-divider .elementor-icon{font-size:var(--divider-icon-size)}.elementor-widget-divider .elementor-divider-separator{display:flex;margin:0;direction:ltr}.elementor-widget-divider--view-line_icon .elementor-divider-separator,.elementor-widget-divider--view-line_text .elementor-divider-separator{align-items:center}.elementor-widget-divider--view-line_icon .elementor-divider-separator:after,.elementor-widget-divider--view-line_icon .elementor-divider-separator:before,.elementor-widget-divider--view-line_text .elementor-divider-separator:after,.elementor-widget-divider--view-line_text .elementor-divider-separator:before{display:block;content:\"\";border-block-end:0;flex-grow:1;border-block-start:var(--divider-border-width) var(--divider-border-style) var(--divider-color)}.elementor-widget-divider--element-align-left .elementor-divider .elementor-divider-separator>.elementor-divider__svg:first-of-type{flex-grow:0;flex-shrink:100}.elementor-widget-divider--element-align-left .elementor-divider-separator:before{content:none}.elementor-widget-divider--element-align-left .elementor-divider__element{margin-left:0}.elementor-widget-divider--element-align-right .elementor-divider .elementor-divider-separator>.elementor-divider__svg:last-of-type{flex-grow:0;flex-shrink:100}.elementor-widget-divider--element-align-right .elementor-divider-separator:after{content:none}.elementor-widget-divider--element-align-right .elementor-divider__element{margin-right:0}.elementor-widget-divider--element-align-start .elementor-divider .elementor-divider-separator>.elementor-divider__svg:first-of-type{flex-grow:0;flex-shrink:100}.elementor-widget-divider--element-align-start .elementor-divider-separator:before{content:none}.elementor-widget-divider--element-align-start .elementor-divider__element{margin-inline-start:0}.elementor-widget-divider--element-align-end .elementor-divider .elementor-divider-separator>.elementor-divider__svg:last-of-type{flex-grow:0;flex-shrink:100}.elementor-widget-divider--element-align-end .elementor-divider-separator:after{content:none}.elementor-widget-divider--element-align-end .elementor-divider__element{margin-inline-end:0}.elementor-widget-divider:not(.elementor-widget-divider--view-line_text):not(.elementor-widget-divider--view-line_icon) .elementor-divider-separator{border-block-start:var(--divider-border-width) var(--divider-border-style) var(--divider-color)}.elementor-widget-divider--separator-type-pattern{--divider-border-style:none}.elementor-widget-divider--separator-type-pattern.elementor-widget-divider--view-line .elementor-divider-separator,.elementor-widget-divider--separator-type-pattern:not(.elementor-widget-divider--view-line) .elementor-divider-separator:after,.elementor-widget-divider--separator-type-pattern:not(.elementor-widget-divider--view-line) .elementor-divider-separator:before,.elementor-widget-divider--separator-type-pattern:not([class*=elementor-widget-divider--view]) .elementor-divider-separator{width:100%;min-height:var(--divider-pattern-height);-webkit-mask-size:var(--divider-pattern-size) 100%;mask-size:var(--divider-pattern-size) 100%;-webkit-mask-repeat:var(--divider-pattern-repeat);mask-repeat:var(--divider-pattern-repeat);background-color:var(--divider-color);-webkit-mask-image:var(--divider-pattern-url);mask-image:var(--divider-pattern-url)}.elementor-widget-divider--no-spacing{--divider-pattern-size:auto}.elementor-widget-divider--bg-round{--divider-pattern-repeat:round}.rtl .elementor-widget-divider .elementor-divider__text{direction:rtl}.e-con-inner>.elementor-widget-divider,.e-con>.elementor-widget-divider{width:var(--container-widget-width,100%);--flex-grow:var(--container-widget-flex-grow)}<\/style>\t\t<div class=\"elementor-divider\">\n\t\t\t<span class=\"elementor-divider-separator\">\n\t\t\t\t\t\t<\/span>\n\t\t<\/div>\n\t\t\t\t<\/div>\n\t\t\t\t<\/div>\n\t\t\t\t<div class=\"elementor-element elementor-element-18350a0 elementor-widget elementor-widget-text-editor\" data-id=\"18350a0\" data-element_type=\"widget\" data-widget_type=\"text-editor.default\">\n\t\t\t\t<div class=\"elementor-widget-container\">\n\t\t\t<style>\/*! elementor - v3.20.0 - 11-03-2024 *\/\n.elementor-widget-text-editor.elementor-drop-cap-view-stacked .elementor-drop-cap{background-color:#69727d;color:#fff}.elementor-widget-text-editor.elementor-drop-cap-view-framed .elementor-drop-cap{color:#69727d;border:3px solid;background-color:transparent}.elementor-widget-text-editor:not(.elementor-drop-cap-view-default) .elementor-drop-cap{margin-top:8px}.elementor-widget-text-editor:not(.elementor-drop-cap-view-default) .elementor-drop-cap-letter{width:1em;height:1em}.elementor-widget-text-editor .elementor-drop-cap{float:left;text-align:center;line-height:1;font-size:50px}.elementor-widget-text-editor .elementor-drop-cap-letter{display:inline-block}<\/style>\t\t\t\t<p>T\u00fcrkiye de sekt\u00f6rel anlamda, bir ilki ger\u00e7ekle\u015ftirerek, 26 Aral\u0131k 2022 y\u0131l\u0131nda kurulmu\u015f ve Otomotiv alan\u0131nda al\u0131c\u0131 ile sat\u0131c\u0131 aras\u0131nda ki uyu\u015fmazl\u0131klar\u0131, yarg\u0131 yoluna gitmeden \u00f6nce, daha k\u0131sa s\u00fcrede ve daha uygun maliyetlerle, daha h\u0131zl\u0131, g\u00fcvenilir, \u015feffaf, tarafs\u0131z olarak sonu\u00e7land\u0131rmay\u0131 ve mahkemeler \u00fczerinde ki y\u00fck\u00fc de alarak kamuya yararl\u0131 hizmet sunabilmek ad\u0131na kurulmu\u015f ve ayn\u0131 zamanda b\u00fcnyesinde Arabuluculuk ve Alternatif uyu\u015fmazl\u0131k \u00e7\u00f6z\u00fcm yollar\u0131n\u0131 da bar\u0131nd\u0131ran bir merkez olmay\u0131 ba\u015farm\u0131\u015ft\u0131r.<\/p>\t\t\t\t\t\t<\/div>\n\t\t\t\t<\/div>\n\t\t\t\t\t<\/div>\n\t\t<\/div>\n\t\t\t\t<div class=\"elementor-column elementor-col-33 elementor-top-column elementor-element elementor-element-331fca8\" data-id=\"331fca8\" data-element_type=\"column\">\n\t\t\t<div class=\"elementor-widget-wrap elementor-element-populated\">\n\t\t\t\t\t\t<div class=\"elementor-element elementor-element-feb58de elementor-widget elementor-widget-image\" data-id=\"feb58de\" data-element_type=\"widget\" data-widget_type=\"image.default\">\n\t\t\t\t<div class=\"elementor-widget-container\">\n\t\t\t<style>\/*! elementor - v3.20.0 - 11-03-2024 *\/\n.elementor-widget-image{text-align:center}.elementor-widget-image a{display:inline-block}.elementor-widget-image a img[src$=\".svg\"]{width:48px}.elementor-widget-image img{vertical-align:middle;display:inline-block}<\/style>\t\t\t\t\t\t\t\t\t\t<img decoding=\"async\" src=\"https:\/\/masfedtam.com.tr\/wp-content\/uploads\/elementor\/thumbs\/terazi-q1eu2gpvs8i99m19w2dsx2o7hvxklijpyozr7q0gp2.jpg\" title=\"terazi\" alt=\"terazi\" loading=\"lazy\" \/>\t\t\t\t\t\t\t\t\t\t\t\t\t<\/div>\n\t\t\t\t<\/div>\n\t\t\t\t\t<\/div>\n\t\t<\/div>\n\t\t\t\t\t<\/div>\n\t\t<\/section>\n\t\t\t\t<section class=\"elementor-section elementor-top-section elementor-element elementor-element-e81d697 elementor-section-boxed elementor-section-height-default elementor-section-height-default wpr-particle-no wpr-jarallax-no wpr-parallax-no wpr-sticky-section-no\" data-id=\"e81d697\" data-element_type=\"section\">\n\t\t\t\t\t\t<div class=\"elementor-container elementor-column-gap-default\">\n\t\t\t\t\t<div class=\"elementor-column elementor-col-33 elementor-top-column elementor-element elementor-element-9c8bef1\" data-id=\"9c8bef1\" data-element_type=\"column\">\n\t\t\t<div class=\"elementor-widget-wrap elementor-element-populated\">\n\t\t\t\t\t\t<div class=\"elementor-element elementor-element-b475207 elementor-widget elementor-widget-image\" data-id=\"b475207\" data-element_type=\"widget\" data-widget_type=\"image.default\">\n\t\t\t\t<div class=\"elementor-widget-container\">\n\t\t\t\t\t\t\t\t\t\t\t\t\t<img decoding=\"async\" src=\"https:\/\/masfedtam.com.tr\/wp-content\/uploads\/elementor\/thumbs\/justice-law-conceptmale-judge-courtroom-wooden-table-counselor-male-lawyer-working-office-legal-law-advice-justice-concept-q1ettasj5dym2hcielrr3vxezn3qjr5xpc0brllnd2.jpg\" title=\"arabuluculuk\" alt=\"arabuluculuk\" loading=\"lazy\" \/>\t\t\t\t\t\t\t\t\t\t\t\t\t<\/div>\n\t\t\t\t<\/div>\n\t\t\t\t\t<\/div>\n\t\t<\/div>\n\t\t\t\t<div class=\"elementor-column elementor-col-66 elementor-top-column elementor-element elementor-element-5e76346\" data-id=\"5e76346\" data-element_type=\"column\">\n\t\t\t<div class=\"elementor-widget-wrap elementor-element-populated\">\n\t\t\t\t\t\t<div class=\"elementor-element elementor-element-152f08b elementor-widget elementor-widget-text-editor\" data-id=\"152f08b\" data-element_type=\"widget\" data-widget_type=\"text-editor.default\">\n\t\t\t\t<div class=\"elementor-widget-container\">\n\t\t\t\t\t\t\t<p><strong>MASFEDTAM TAHK\u0130M, ARABULUCULUK VE ALTERNAT\u0130F UYU\u015eMAZLIK \u00c7\u00d6Z\u00dcM MERKEZ\u0130, <\/strong>gerek T\u00fcrkiye\u2019deki gerekse yurtd\u0131\u015f\u0131ndaki ticari akt\u00f6rler aras\u0131ndaki uyu\u015fmazl\u0131klar\u0131n \u00e7\u00f6z\u00fcmlenmesi i\u00e7in tahkim, Arabuluculuk ve Alternatif uyu\u015fmazl\u0131k \u00e7\u00f6z\u00fcmleri hizmeti sunan, ba\u011f\u0131ms\u0131z, tarafs\u0131z ve \u00f6zerk bir kurumdur.<\/p><p><strong>\u00a0MASFEDTAM TAHK\u0130M ARABULUCULUK VE ALTERNAT\u0130F UYU\u015eMAZLIK \u00c7\u00d6Z\u00dcM MERKEZ\u0130,<\/strong>\u00a0herhangi bir \u00fcyelik \u015fart\u0131 aramaks\u0131z\u0131n uyu\u015fmazl\u0131klar\u0131n \u00e7\u00f6z\u00fcm\u00fc konusunda t\u00fcm taraflara hizmet vermektedir.<\/p><p>Modern tahkim ve arabuculuk kurallar\u0131 g\u00f6zetilerek haz\u0131rlanan <strong>MASFEDTAM TAHK\u0130M ARABULUCULUK VE ALTERNAT\u0130F UYU\u015eMAZLIK \u00c7\u00d6Z\u00dcM MERKEZ\u0130, <\/strong>Kurallar\u0131, <strong>26 Aral\u0131k 2022<\/strong>\u00a0tarihinde y\u00fcr\u00fcrl\u00fc\u011fe girmi\u015ftir. \u00c7a\u011fda\u015f ve yenilik\u00e7i d\u00fczenlemeler bar\u0131nd\u0131ran Kurallar, tahkim ve arabuluculuk s\u00fcre\u00e7lerinin g\u00fcncel ihtiya\u00e7lar\u0131na cevap verecek niteliktedir. <strong>Tahkim Kurallar\u0131, Seri Tahkim, Acil Durum Hakemi ve ad hoc<\/strong>\u00a0tahkimlerde hakem atanmas\u0131na ili\u015fkin modern d\u00fczenlemeler bar\u0131nd\u0131rmaktad\u0131r. hakem kararlar\u0131 nihai ve ba\u011flay\u0131c\u0131 olup, d\u00fcnyan\u0131n her yerinde icra edilme g\u00fcc\u00fcne sahiptir.<\/p>\t\t\t\t\t\t<\/div>\n\t\t\t\t<\/div>\n\t\t\t\t\t<\/div>\n\t\t<\/div>\n\t\t\t\t\t<\/div>\n\t\t<\/section>\n\t\t\t\t<section class=\"elementor-section elementor-top-section elementor-element elementor-element-0e6d201 elementor-section-boxed elementor-section-height-default elementor-section-height-default wpr-particle-no wpr-jarallax-no wpr-parallax-no wpr-sticky-section-no\" data-id=\"0e6d201\" data-element_type=\"section\">\n\t\t\t\t\t\t<div class=\"elementor-container elementor-column-gap-default\">\n\t\t\t\t\t<div class=\"elementor-column elementor-col-100 elementor-top-column elementor-element elementor-element-f627a2c\" data-id=\"f627a2c\" data-element_type=\"column\">\n\t\t\t<div class=\"elementor-widget-wrap elementor-element-populated\">\n\t\t\t\t\t\t<div class=\"elementor-element elementor-element-45c8815 elementor-widget elementor-widget-text-editor\" data-id=\"45c8815\" data-element_type=\"widget\" data-widget_type=\"text-editor.default\">\n\t\t\t\t<div class=\"elementor-widget-container\">\n\t\t\t\t\t\t\t<p><strong>MASFEDTAM TAHK\u0130M ARABULUCULUK VE ALTERNAT\u0130F UYU\u015eMAZLIK \u00c7\u00d6Z\u00dcM MERKEZ\u0130, <\/strong>Milli Tahkim Divan\u0131 ile Sekretaryadan olu\u015fmaktad\u0131r. Tahkim Divan\u0131, tahkim yarg\u0131lamas\u0131n\u0131n en etkin \u015fekilde s\u00fcrd\u00fcr\u00fclebilmesini temin etmektedir.<\/p><p><strong>MASFEDTAM TAHK\u0130M ARABULUCULUK VE ALTERNAT\u0130F UYU\u015eMAZLIK \u00c7\u00d6Z\u00dcM MERKEZ\u0130,<\/strong>\u00a0Sekretaryas\u0131 ise Kurallar \u2019da belirtilen g\u00f6revleri yerine getirmenin yan\u0131 s\u0131ra, taraflar, taraf vekilleri, hakemler ve yarg\u0131lamaya kat\u0131lan di\u011fer ki\u015filerin yarg\u0131lama ile ilgili her t\u00fcrl\u00fc sorusuna cevap vermeye haz\u0131rd\u0131r.<\/p><p>Uyu\u015fmazl\u0131klar\u0131n uzman ki\u015filerce en etkin \u015fekilde, tarafs\u0131z, esnek ve gizlilik i\u00e7erisinde \u00e7\u00f6z\u00fcmlenmesi amac\u0131yla standartlarda olmas\u0131 gerekti\u011fi gibi en iyi \u015fekilde hizmet sunan <strong>MASFEDTAM TAHK\u0130M ARABULUCULUK VE ALTERNAT\u0130F UYU\u015eMAZLIK \u00c7\u00d6Z\u00dcM MERKEZ\u0130,<\/strong><\/p><p>Kurallar\u0131 uyar\u0131nca davalar\u0131n, devlet mahkemelerine k\u0131yasla \u00e7ok daha k\u0131sa s\u00fcrede ve \u00e7ok daha az masrafla sonu\u00e7land\u0131r\u0131lmas\u0131 m\u00fcmk\u00fcnd\u00fcr.<\/p><p><strong>MASFEDTAM TAHK\u0130M \u00a0ARABULUCULUK VE ALTERNAT\u0130F UYU\u015eMAZLIK \u00c7\u00d6Z\u00dcM MERKEZ\u0130,<\/strong><\/p><p>T\u00fcrkiye\u2019nin k\u00f6pr\u00fc konumunda oldu\u011fu Avrupa, Asya, Orta Do\u011fu ve Afrika aras\u0131ndaki b\u00fcy\u00fcyen ticaret a\u00e7\u0131s\u0131ndan milletleraras\u0131 standartlarda alternatifi olmayan bir yarg\u0131lama hizmeti sunmaktad\u0131r.<\/p>\t\t\t\t\t\t<\/div>\n\t\t\t\t<\/div>\n\t\t\t\t\t<\/div>\n\t\t<\/div>\n\t\t\t\t\t<\/div>\n\t\t<\/section>\n\t\t\t\t<\/div>\n\t\t","protected":false},"excerpt":{"rendered":"<p>Hakk\u0131m\u0131zda MASFEDTAM TAHK\u0130M ARABULUCULUK VE ALTERNAT\u0130F UYU\u015eMAZLIK \u00c7\u00d6Z\u00dcM MERKEZ\u0130, T\u00fcrkiye de sekt\u00f6rel anlamda, bir ilki ger\u00e7ekle\u015ftirerek, 26 Aral\u0131k 2022 y\u0131l\u0131nda kurulmu\u015f ve Otomotiv alan\u0131nda al\u0131c\u0131 ile sat\u0131c\u0131 aras\u0131nda ki uyu\u015fmazl\u0131klar\u0131, yarg\u0131 yoluna gitmeden \u00f6nce, daha k\u0131sa s\u00fcrede ve daha uygun maliyetlerle, daha h\u0131zl\u0131, g\u00fcvenilir, \u015feffaf, tarafs\u0131z olarak sonu\u00e7land\u0131rmay\u0131 ve mahkemeler \u00fczerinde ki y\u00fck\u00fc de alarak [&hellip;]<\/p>\n","protected":false},"author":1,"featured_media":0,"parent":0,"menu_order":0,"comment_status":"closed","ping_status":"closed","template":"elementor_canvas","meta":{"_mi_skip_tracking":false,"_monsterinsights_sitenote_active":false,"_monsterinsights_sitenote_note":"","_monsterinsights_sitenote_category":0,"footnotes":""},"class_list":["post-267","page","type-page","status-publish","hentry"],"aioseo_notices":[],"_links":{"self":[{"href":"https:\/\/masfedtam.com.tr\/index.php?rest_route=\/wp\/v2\/pages\/267","targetHints":{"allow":["GET"]}}],"collection":[{"href":"https:\/\/masfedtam.com.tr\/index.php?rest_route=\/wp\/v2\/pages"}],"about":[{"href":"https:\/\/masfedtam.com.tr\/index.php?rest_route=\/wp\/v2\/types\/page"}],"author":[{"embeddable":true,"href":"https:\/\/masfedtam.com.tr\/index.php?rest_route=\/wp\/v2\/users\/1"}],"replies":[{"embeddable":true,"href":"https:\/\/masfedtam.com.tr\/index.php?rest_route=%2Fwp%2Fv2%2Fcomments&post=267"}],"version-history":[{"count":0,"href":"https:\/\/masfedtam.com.tr\/index.php?rest_route=\/wp\/v2\/pages\/267\/revisions"}],"wp:attachment":[{"href":"https:\/\/masfedtam.com.tr\/index.php?rest_route=%2Fwp%2Fv2%2Fmedia&parent=267"}],"curies":[{"name":"wp","href":"https:\/\/api.w.org\/{rel}","templated":true}]}}