{"id":2426,"date":"2023-02-28T14:01:50","date_gmt":"2023-02-28T11:01:50","guid":{"rendered":"https:\/\/masfedtam.com.tr\/?page_id=2426"},"modified":"2023-03-13T09:16:08","modified_gmt":"2023-03-13T06:16:08","slug":"tarifeler","status":"publish","type":"page","link":"https:\/\/masfedtam.com.tr\/?page_id=2426","title":{"rendered":"tarifeler"},"content":{"rendered":"\t\t<div data-elementor-type=\"wp-page\" data-elementor-id=\"2426\" class=\"elementor elementor-2426\">\n\t\t\t\t\t\t<section class=\"elementor-section elementor-top-section elementor-element elementor-element-3e3e52d elementor-section-boxed elementor-section-height-default elementor-section-height-default wpr-particle-no wpr-jarallax-no wpr-parallax-no wpr-sticky-section-no\" data-id=\"3e3e52d\" data-element_type=\"section\">\n\t\t\t\t\t\t<div class=\"elementor-container elementor-column-gap-default\">\n\t\t\t\t\t<div class=\"elementor-column elementor-col-100 elementor-top-column elementor-element elementor-element-8ded5ba\" data-id=\"8ded5ba\" data-element_type=\"column\">\n\t\t\t<div class=\"elementor-widget-wrap elementor-element-populated\">\n\t\t\t\t\t\t<div class=\"elementor-element elementor-element-c24f029 elementor-widget elementor-widget-spacer\" data-id=\"c24f029\" data-element_type=\"widget\" data-widget_type=\"spacer.default\">\n\t\t\t\t<div class=\"elementor-widget-container\">\n\t\t\t<style>\/*! elementor - v3.20.0 - 11-03-2024 *\/\n.elementor-column .elementor-spacer-inner{height:var(--spacer-size)}.e-con{--container-widget-width:100%}.e-con-inner>.elementor-widget-spacer,.e-con>.elementor-widget-spacer{width:var(--container-widget-width,var(--spacer-size));--align-self:var(--container-widget-align-self,initial);--flex-shrink:0}.e-con-inner>.elementor-widget-spacer>.elementor-widget-container,.e-con>.elementor-widget-spacer>.elementor-widget-container{height:100%;width:100%}.e-con-inner>.elementor-widget-spacer>.elementor-widget-container>.elementor-spacer,.e-con>.elementor-widget-spacer>.elementor-widget-container>.elementor-spacer{height:100%}.e-con-inner>.elementor-widget-spacer>.elementor-widget-container>.elementor-spacer>.elementor-spacer-inner,.e-con>.elementor-widget-spacer>.elementor-widget-container>.elementor-spacer>.elementor-spacer-inner{height:var(--container-widget-height,var(--spacer-size))}.e-con-inner>.elementor-widget-spacer.elementor-widget-empty,.e-con>.elementor-widget-spacer.elementor-widget-empty{position:relative;min-height:22px;min-width:22px}.e-con-inner>.elementor-widget-spacer.elementor-widget-empty .elementor-widget-empty-icon,.e-con>.elementor-widget-spacer.elementor-widget-empty .elementor-widget-empty-icon{position:absolute;top:0;bottom:0;left:0;right:0;margin:auto;padding:0;width:22px;height:22px}<\/style>\t\t<div class=\"elementor-spacer\">\n\t\t\t<div class=\"elementor-spacer-inner\"><\/div>\n\t\t<\/div>\n\t\t\t\t<\/div>\n\t\t\t\t<\/div>\n\t\t\t\t<div class=\"elementor-element elementor-element-a6fd168 elementor-widget elementor-widget-heading\" data-id=\"a6fd168\" data-element_type=\"widget\" data-widget_type=\"heading.default\">\n\t\t\t\t<div class=\"elementor-widget-container\">\n\t\t\t<style>\/*! elementor - v3.20.0 - 11-03-2024 *\/\n.elementor-heading-title{padding:0;margin:0;line-height:1}.elementor-widget-heading .elementor-heading-title[class*=elementor-size-]>a{color:inherit;font-size:inherit;line-height:inherit}.elementor-widget-heading .elementor-heading-title.elementor-size-small{font-size:15px}.elementor-widget-heading .elementor-heading-title.elementor-size-medium{font-size:19px}.elementor-widget-heading .elementor-heading-title.elementor-size-large{font-size:29px}.elementor-widget-heading .elementor-heading-title.elementor-size-xl{font-size:39px}.elementor-widget-heading .elementor-heading-title.elementor-size-xxl{font-size:59px}<\/style><h3 class=\"elementor-heading-title elementor-size-default\">TAHK\u0130M, ARABULUCULUK VE ALTERNAT\u0130F UYU\u015eMAZLIK \u00c7\u00d6Z\u00dcM MERKEZ\u0130 (MASFEDTAM)<\/h3>\t\t<\/div>\n\t\t\t\t<\/div>\n\t\t\t\t<div class=\"elementor-element elementor-element-9e87c58 elementor-widget elementor-widget-spacer\" data-id=\"9e87c58\" data-element_type=\"widget\" data-widget_type=\"spacer.default\">\n\t\t\t\t<div class=\"elementor-widget-container\">\n\t\t\t\t\t<div class=\"elementor-spacer\">\n\t\t\t<div class=\"elementor-spacer-inner\"><\/div>\n\t\t<\/div>\n\t\t\t\t<\/div>\n\t\t\t\t<\/div>\n\t\t\t\t<div class=\"elementor-element elementor-element-1e4b70c elementor-widget elementor-widget-heading\" data-id=\"1e4b70c\" data-element_type=\"widget\" data-widget_type=\"heading.default\">\n\t\t\t\t<div class=\"elementor-widget-container\">\n\t\t\t<h3 class=\"elementor-heading-title elementor-size-default\">MASRAFLAR VE \u00dcCRETLER TAR\u0130FES\u0130<\/h3>\t\t<\/div>\n\t\t\t\t<\/div>\n\t\t\t\t<div class=\"elementor-element elementor-element-4c96fb6 elementor-widget elementor-widget-text-editor\" data-id=\"4c96fb6\" data-element_type=\"widget\" data-widget_type=\"text-editor.default\">\n\t\t\t\t<div class=\"elementor-widget-container\">\n\t\t\t<style>\/*! elementor - v3.20.0 - 11-03-2024 *\/\n.elementor-widget-text-editor.elementor-drop-cap-view-stacked .elementor-drop-cap{background-color:#69727d;color:#fff}.elementor-widget-text-editor.elementor-drop-cap-view-framed .elementor-drop-cap{color:#69727d;border:3px solid;background-color:transparent}.elementor-widget-text-editor:not(.elementor-drop-cap-view-default) .elementor-drop-cap{margin-top:8px}.elementor-widget-text-editor:not(.elementor-drop-cap-view-default) .elementor-drop-cap-letter{width:1em;height:1em}.elementor-widget-text-editor .elementor-drop-cap{float:left;text-align:center;line-height:1;font-size:50px}.elementor-widget-text-editor .elementor-drop-cap-letter{display:inline-block}<\/style>\t\t\t\t<p><strong><b>Madde 1- <\/b><\/strong><strong><b>Tan\u0131mlar<\/b><\/strong><\/p><p>Bu Kurallarda ge\u00e7en;<\/p><p>a) MASFED: Motorlu ara\u00e7 sat\u0131c\u0131lar\u0131 Federasyonu<\/p><p>b) Divan: MASFEDTAM Tahkim Merkezi Tahkim Divan\u0131&#8217;n\u0131<\/p><p>c) Hakem \/ Hakem Heyeti: Uyu\u015fmazl\u0131klar\u0131 \u00e7\u00f6zen hakemi ve\/veya hakem heyetini<\/p><p>d) Kurallar: MASFEDTAM Tahkim Merkezi Tahkim Kurallar\u0131&#8217;n\u0131<\/p><p>e) Merkez: MASFEDTAM Tahkim Merkezi&#8217;ni<\/p><p>f) Sekretarya: MASFEDTAM Tahkim Merkezi Sekretaryas\u0131n\u0131<\/p><p>g) Genel M\u00fcd\u00fcr: MASFEDTAM Tahkim merkezi Y\u00f6netim ve organizasyonunu<\/p><p>h) Tarife: MASFEDTAM Tahkim Merkezi Masraflar ve \u00dccretler Tarifesi&#8217;ni<\/p><p>\u0131) Usul ve Esaslar: MASFEDTAM Tahkim Merkezi Usul ve Esaslar\u0131n\u0131<\/p><p>i) Y\u00f6netim Kurulu: MASFEDTAM Y\u00f6netim Kurulunu ifade eder.<\/p><p><strong><b>Madde 2 &#8211; <\/b><\/strong><strong><b>Ama\u00e7<\/b><\/strong><\/p><p>MASFEDTAM Tahkim Merkezi Masraflar ve \u00dccretler Tarifesi&#8217;nin amac\u0131, MASFEDTAM Tahkim Merkezi b\u00fcnyesinde y\u00fcr\u00fct\u00fclen yarg\u0131lamalarda hakem \u00fccretleri ile masraflar ve giderleri; Merkezin tayin makam\u0131 olarak g\u00f6rev ald\u0131\u011f\u0131 tahkim yarg\u0131lamalar\u0131nda masraflara ili\u015fkin konular\u0131 d\u00fczenlemektir.<\/p><p><strong><b>Madde 3 &#8211; <\/b><\/strong><strong><b>Ba\u015fvuru \u00dccreti ve Avans<\/b><\/strong><\/p><p>(1) Tahkime ba\u015fvuran taraf, Tarifede \u00f6ng\u00f6r\u00fclen ba\u015fvuru \u00fccreti ve avans\u0131n\u0131 yat\u0131r\u0131r. Ba\u015fvuru \u00fccreti, eksiklik sebebiyle dosyan\u0131n kapat\u0131lmas\u0131 hali dahil olmak \u00fczere hi\u00e7bir surette iade edilmez.<\/p><p>(2) Avans miktar\u0131, hakem \u00fccretlerini, yarg\u0131lamaya ili\u015fkin yap\u0131lacak her t\u00fcrl\u00fc masraf ile idari masraflar\u0131 kapsar. Yarg\u0131lama faaliyetlerine ili\u015fkin olarak taraflardan ek avans talep edilebilir.<\/p><p>(3) Taraflardan her biri kendi pay\u0131na d\u00fc\u015fen avans miktar\u0131n\u0131 nakden \u00f6der. Bir taraf\u0131n, \u00fczerine d\u00fc\u015fen avans\u0131 yat\u0131rmamas\u0131 halinde di\u011fer taraf bu avans\u0131 nakden \u00f6deyebilir. Yarg\u0131lama giderleri ile ilgili karar verilirken bu husus dikkate al\u0131narak karar verilir.<\/p><p>(4) Taraflarca \u00f6denmi\u015f avans miktar\u0131n\u0131n, yarg\u0131lama masraflar\u0131n\u0131 a\u015fan tutar\u0131, yapt\u0131klar\u0131 \u00f6deme \u00f6l\u00e7\u00fcs\u00fcnde taraflara yarg\u0131lama faaliyeti tamamland\u0131ktan sonra iade edilir.<\/p><p>(5) Genel Sekreter, tahkim yarg\u0131lamas\u0131 devam ederken uyu\u015fmazl\u0131k konusunun de\u011ferindeki ve hakem harcamalar\u0131ndaki de\u011fi\u015fiklikler veya yarg\u0131laman\u0131n zorla\u015fmas\u0131 gibi ilgili hal ve \u015fartlar\u0131 g\u00f6zeterek avans miktar\u0131n\u0131 yeniden belirleyerek Divana sunabilir. Divan taraf\u0131ndan onaylanan yeni avans miktar\u0131 taraflara tebli\u011f edilir.<\/p><p>(6) Hakem \/ Hakem Heyeti taraf\u0131ndan bilirki\u015fi g\u00f6revlendirmesi yap\u0131labilir. Bu durumda bilirki\u015fi g\u00f6reve ba\u015flamadan \u00f6nce taraflar veya taraflardan biri, Hakem \/ Hakem Heyeti taraf\u0131ndan belirlenen ve bilirki\u015finin tahmini \u00fccret ve harcamalar\u0131n\u0131 kar\u015f\u0131lamaya yetecek tutarda avans \u00f6der.<\/p><p>(7) Hakem \/ Hakem Heyeti, gerekli avans miktar\u0131n\u0131n yat\u0131r\u0131lmamas\u0131 halinde Kurallar uyar\u0131nca yarg\u0131lamaya son verir.<\/p><p><strong><b>Madde 4 &#8211; <\/b><\/strong><strong><b>Hakem \u00dccreti ve Masraflar<\/b><\/strong><\/p><p>Tarifede belirtilen hakem \u00fccreti, tahkim yarg\u0131lamas\u0131n\u0131n ba\u015flad\u0131\u011f\u0131 tarihten itibaren nihai hakem karar\u0131 verilinceye kadar ger\u00e7ekle\u015ftirilen i\u015f ve i\u015flemlerin kar\u015f\u0131l\u0131\u011f\u0131d\u0131r.<\/p><p>Hakemin g\u00f6revini yerine getirmemesi, hakemlik g\u00f6revinden \u00e7ekilmesi veya taraflara delillerin sunulmas\u0131 hususunda s\u00fcre verilmesinden \u00f6nce yap\u0131lacak reddi talebinin kabul\u00fc durumlar\u0131nda hakemlik \u00fccreti \u00f6denmez.<\/p><p>Hakemlik \u00fccreti, hakem karar\u0131n\u0131n verilmesi ile muaccel olur.<\/p><p>Hakem \u00fccretleri, karar tarihinde y\u00fcr\u00fcrl\u00fckte olan tarifeye g\u00f6re verilir.<\/p><p>(1)Hakem \/ Hakem Heyeti \u00fcyelerinin \u00fccretleri, bu Tarife uyar\u0131nca m\u00fcnhas\u0131ran Divan taraf\u0131ndan belirlenir. Taraflar ve Hakem \/ Hakem Heyeti \u00fcyeleri aras\u0131nda hakem \u00fccreti hakk\u0131nda bir anla\u015fma yap\u0131lamaz. Hakem \u00fccreti, hakemler taraf\u0131ndan belirlenemez.<\/p><p>(2) Her ko\u015fulda hakem \u00fccreti, 500,00 TLden az olamaz. De\u011fer tayininin m\u00fcmk\u00fcn olmad\u0131\u011f\u0131 hallerde Hakem \/ Hakem Heyeti \u00fcyelerinin \u00fccretleri, ilgili t\u00fcm hal ve \u015fartlar dikkate al\u0131narak resen Divan taraf\u0131ndan belirlenir.<\/p><p>(3) Sekretarya, bu Tarife uyar\u0131nca idari masraflar\u0131 belirler. De\u011fer tayininin m\u00fcmk\u00fcn olmad\u0131\u011f\u0131 hallerde idari masraflar, ilgili t\u00fcm hal ve \u015fartlar dikkate al\u0131narak Divan taraf\u0131ndan belirlenir. Tahkim yarg\u0131lamas\u0131n\u0131n herhangi bir a\u015famas\u0131nda Divan, idari masraflar\u0131n Divan ve Sekretarya taraf\u0131ndan o ana kadar yap\u0131lan i\u015flere kar\u015f\u0131l\u0131k gelen k\u0131sm\u0131n\u0131n \u00f6denmesini isteyebilir.<\/p><p>(4) Divan, ilgili hal ve \u015fartlar\u0131n gerektirmesi halinde bu Tarifede belirlenen idari masraflara ek bir masraf\u0131n \u00f6denmesini isteyebilir.<\/p><p>(5) Hakem karar\u0131 verilmeden \u00f6nce tahkim yarg\u0131lamas\u0131 sona erdirilirse Divan hakem veya hakemlerin \u00fccretleri ve masraflar\u0131 ile Merkezin idari masraflar\u0131 hakk\u0131nda karar verir.<\/p><p>(6) Karar d\u00fczeltme, yorumlama ve tamamlama talepli olarak yap\u0131lan ba\u015fvurularda Divan, Hakem \/ Hakem Heyeti \u00fcyelerinin ilave \u00fccret ve harcamalar\u0131 ile idari masraflar i\u00e7in, avans belirleyebilir. Divan, bu ba\u015fvurunun, Sekretarya taraf\u0131ndan Hakem \/ Hakem Heyetine havalesini, belirlenen avans miktar\u0131n\u0131n \u00f6denmesine ba\u011fl\u0131 tutabilir.<\/p><p><strong>Madde 5 &#8211;<\/strong>\u00a0<strong><b>Tayin Makam\u0131, Hakem Karar\u0131 Tespiti ve Duru\u015fma \u00dccreti<\/b><\/strong><\/p><p>(1) Kurumsal olmayan bir tahkimde hakemlerin Merkez taraf\u0131ndan atanmas\u0131 talebi ile ba\u015fvuruda bulunuldu\u011fu takdirde, bu ba\u015fvuru ile birlikte 1.000,00 TL \u00fccret \u00f6denir. Bu tutar, iade edilmez ve yat\u0131r\u0131lmad\u0131\u011f\u0131 takdirde ilgili ba\u015fvuru i\u015fleme konulmaz.<\/p><p>(2) Merkez b\u00fcnyesinde y\u00fcr\u00fct\u00fclmeyen yarg\u0131lamalar i\u00e7in duru\u015fma salonu talep edilmesi halinde 500,00 TL duru\u015fma salonu tahsis \u00fccreti al\u0131n\u0131r.<\/p><p><strong><b>Madde 6 &#8211; <\/b><\/strong><strong><b>Vergi ve M\u00fckellefiyetler<\/b><\/strong><\/p><p>(1) Hakem \/ Hakem Heyeti \u00fcyelerine \u00f6denen \u00fccretlere, katma de\u011fer vergisi ve gelir vergisi d\u00e2hildir. S\u00f6z konusu vergi ve m\u00fckellefiyetler, taraflarca kar\u015f\u0131lan\u0131r.<strong><b>\u00a0<\/b><\/strong>Bu vergi ve m\u00fckellefiyetlerin \u00f6denmesini ilgilendiren t\u00fcm meseleler, Hakem \/ Hakem Heyeti \u00fcyeleri ile taraflar aras\u0131nda bir husustur.<\/p><p>(2) Vekil olarak yap\u0131lacak ba\u015fvurularda vek\u00e2letnamelerin vek\u00e2let pulu i\u00e7ermesi zorunludur. Vek\u00e2let pulunun olmamas\u0131 halinde vek\u00e2let pulu \u00fccreti, yat\u0131r\u0131lan avanstan kar\u015f\u0131lanarak eksiklik giderilir.<\/p><p><strong><b>Madde 7 &#8211; <\/b><\/strong><strong><b>Tarifeler<\/b><\/strong><\/p><p>(1) Ba\u015fvuru \u00fccreti, idari masraf ve hakem \u00fccretlerinin belirlenmesinde, Merkez&#8217;e ba\u015fvuruda bulunuldu\u011fu tarihte y\u00fcr\u00fcrl\u00fckte olan Tarife esas al\u0131n\u0131r.<\/p><p>(2) Y\u00fcr\u00fcrl\u00fck tarihinden itibaren ge\u00e7erli olmak \u00fczere ba\u015fvuru \u00fccreti, idari masraf ve hakem \u00fccret tarifesi a\u015fa\u011f\u0131daki gibidir:<\/p><p>(3) Yarg\u0131lama esnas\u0131nda talep miktar\u0131n\u0131n artt\u0131r\u0131lmas\u0131 halinde eksik kalan k\u0131s\u0131m talep edenden tahsil edilir.<\/p>\t\t\t\t\t\t<\/div>\n\t\t\t\t<\/div>\n\t\t\t\t\t<\/div>\n\t\t<\/div>\n\t\t\t\t\t<\/div>\n\t\t<\/section>\n\t\t\t\t<section class=\"elementor-section elementor-top-section elementor-element elementor-element-f1afa1c elementor-section-boxed elementor-section-height-default elementor-section-height-default wpr-particle-no wpr-jarallax-no wpr-parallax-no wpr-sticky-section-no\" data-id=\"f1afa1c\" data-element_type=\"section\">\n\t\t\t\t\t\t<div class=\"elementor-container elementor-column-gap-default\">\n\t\t\t\t\t<div class=\"elementor-column elementor-col-100 elementor-top-column elementor-element elementor-element-daab63e\" data-id=\"daab63e\" data-element_type=\"column\">\n\t\t\t<div class=\"elementor-widget-wrap elementor-element-populated\">\n\t\t\t\t\t\t<div class=\"elementor-element elementor-element-78df686 elementor-widget elementor-widget-image\" data-id=\"78df686\" data-element_type=\"widget\" data-widget_type=\"image.default\">\n\t\t\t\t<div class=\"elementor-widget-container\">\n\t\t\t<style>\/*! elementor - v3.20.0 - 11-03-2024 *\/\n.elementor-widget-image{text-align:center}.elementor-widget-image a{display:inline-block}.elementor-widget-image a img[src$=\".svg\"]{width:48px}.elementor-widget-image img{vertical-align:middle;display:inline-block}<\/style>\t\t\t\t\t\t\t\t\t\t<img fetchpriority=\"high\" decoding=\"async\" width=\"795\" height=\"720\" src=\"https:\/\/masfedtam.com.tr\/wp-content\/uploads\/2023\/03\/Picture1-1.png\" class=\"attachment-full size-full wp-image-2880\" alt=\"\" srcset=\"https:\/\/masfedtam.com.tr\/wp-content\/uploads\/2023\/03\/Picture1-1.png 795w, https:\/\/masfedtam.com.tr\/wp-content\/uploads\/2023\/03\/Picture1-1-300x272.png 300w, https:\/\/masfedtam.com.tr\/wp-content\/uploads\/2023\/03\/Picture1-1-768x696.png 768w\" sizes=\"(max-width: 795px) 100vw, 795px\" \/>\t\t\t\t\t\t\t\t\t\t\t\t\t<\/div>\n\t\t\t\t<\/div>\n\t\t\t\t\t<\/div>\n\t\t<\/div>\n\t\t\t\t\t<\/div>\n\t\t<\/section>\n\t\t\t\t<\/div>\n\t\t","protected":false},"excerpt":{"rendered":"<p>TAHK\u0130M, ARABULUCULUK VE ALTERNAT\u0130F UYU\u015eMAZLIK \u00c7\u00d6Z\u00dcM MERKEZ\u0130 (MASFEDTAM) MASRAFLAR VE \u00dcCRETLER TAR\u0130FES\u0130 Madde 1- Tan\u0131mlar Bu Kurallarda ge\u00e7en; a) MASFED: Motorlu ara\u00e7 sat\u0131c\u0131lar\u0131 Federasyonu b) Divan: MASFEDTAM Tahkim Merkezi Tahkim Divan\u0131&#8217;n\u0131 c) Hakem \/ Hakem Heyeti: Uyu\u015fmazl\u0131klar\u0131 \u00e7\u00f6zen hakemi ve\/veya hakem heyetini d) Kurallar: MASFEDTAM Tahkim Merkezi Tahkim Kurallar\u0131&#8217;n\u0131 e) Merkez: MASFEDTAM Tahkim Merkezi&#8217;ni f) [&hellip;]<\/p>\n","protected":false},"author":1,"featured_media":0,"parent":0,"menu_order":0,"comment_status":"closed","ping_status":"closed","template":"elementor_canvas","meta":{"_mi_skip_tracking":false,"_monsterinsights_sitenote_active":false,"_monsterinsights_sitenote_note":"","_monsterinsights_sitenote_category":0,"footnotes":""},"class_list":["post-2426","page","type-page","status-publish","hentry"],"aioseo_notices":[],"_links":{"self":[{"href":"https:\/\/masfedtam.com.tr\/index.php?rest_route=\/wp\/v2\/pages\/2426","targetHints":{"allow":["GET"]}}],"collection":[{"href":"https:\/\/masfedtam.com.tr\/index.php?rest_route=\/wp\/v2\/pages"}],"about":[{"href":"https:\/\/masfedtam.com.tr\/index.php?rest_route=\/wp\/v2\/types\/page"}],"author":[{"embeddable":true,"href":"https:\/\/masfedtam.com.tr\/index.php?rest_route=\/wp\/v2\/users\/1"}],"replies":[{"embeddable":true,"href":"https:\/\/masfedtam.com.tr\/index.php?rest_route=%2Fwp%2Fv2%2Fcomments&post=2426"}],"version-history":[{"count":0,"href":"https:\/\/masfedtam.com.tr\/index.php?rest_route=\/wp\/v2\/pages\/2426\/revisions"}],"wp:attachment":[{"href":"https:\/\/masfedtam.com.tr\/index.php?rest_route=%2Fwp%2Fv2%2Fmedia&parent=2426"}],"curies":[{"name":"wp","href":"https:\/\/api.w.org\/{rel}","templated":true}]}}