{"id":2383,"date":"2023-02-22T15:45:02","date_gmt":"2023-02-22T12:45:02","guid":{"rendered":"https:\/\/masfedtam.com.tr\/?page_id=2383"},"modified":"2023-03-24T09:00:02","modified_gmt":"2023-03-24T06:00:02","slug":"usul-ve-esaslar","status":"publish","type":"page","link":"https:\/\/masfedtam.com.tr\/?page_id=2383","title":{"rendered":"Usul ve Esaslar"},"content":{"rendered":"\t\t<div data-elementor-type=\"wp-page\" data-elementor-id=\"2383\" class=\"elementor elementor-2383\">\n\t\t\t\t\t\t<section class=\"elementor-section elementor-top-section elementor-element elementor-element-b500ef4 elementor-section-boxed elementor-section-height-default elementor-section-height-default wpr-particle-no wpr-jarallax-no wpr-parallax-no wpr-sticky-section-no\" data-id=\"b500ef4\" data-element_type=\"section\" data-settings=\"{&quot;background_background&quot;:&quot;classic&quot;}\">\n\t\t\t\t\t\t\t<div class=\"elementor-background-overlay\"><\/div>\n\t\t\t\t\t\t\t<div class=\"elementor-container elementor-column-gap-default\">\n\t\t\t\t\t<div class=\"elementor-column elementor-col-100 elementor-top-column elementor-element elementor-element-0c755aa\" data-id=\"0c755aa\" data-element_type=\"column\">\n\t\t\t<div class=\"elementor-widget-wrap elementor-element-populated\">\n\t\t\t\t\t\t<div class=\"elementor-element elementor-element-bc2ea00 elementor-widget elementor-widget-spacer\" data-id=\"bc2ea00\" data-element_type=\"widget\" data-widget_type=\"spacer.default\">\n\t\t\t\t<div class=\"elementor-widget-container\">\n\t\t\t<style>\/*! elementor - v3.20.0 - 11-03-2024 *\/\n.elementor-column .elementor-spacer-inner{height:var(--spacer-size)}.e-con{--container-widget-width:100%}.e-con-inner>.elementor-widget-spacer,.e-con>.elementor-widget-spacer{width:var(--container-widget-width,var(--spacer-size));--align-self:var(--container-widget-align-self,initial);--flex-shrink:0}.e-con-inner>.elementor-widget-spacer>.elementor-widget-container,.e-con>.elementor-widget-spacer>.elementor-widget-container{height:100%;width:100%}.e-con-inner>.elementor-widget-spacer>.elementor-widget-container>.elementor-spacer,.e-con>.elementor-widget-spacer>.elementor-widget-container>.elementor-spacer{height:100%}.e-con-inner>.elementor-widget-spacer>.elementor-widget-container>.elementor-spacer>.elementor-spacer-inner,.e-con>.elementor-widget-spacer>.elementor-widget-container>.elementor-spacer>.elementor-spacer-inner{height:var(--container-widget-height,var(--spacer-size))}.e-con-inner>.elementor-widget-spacer.elementor-widget-empty,.e-con>.elementor-widget-spacer.elementor-widget-empty{position:relative;min-height:22px;min-width:22px}.e-con-inner>.elementor-widget-spacer.elementor-widget-empty .elementor-widget-empty-icon,.e-con>.elementor-widget-spacer.elementor-widget-empty .elementor-widget-empty-icon{position:absolute;top:0;bottom:0;left:0;right:0;margin:auto;padding:0;width:22px;height:22px}<\/style>\t\t<div class=\"elementor-spacer\">\n\t\t\t<div class=\"elementor-spacer-inner\"><\/div>\n\t\t<\/div>\n\t\t\t\t<\/div>\n\t\t\t\t<\/div>\n\t\t\t\t<div class=\"elementor-element elementor-element-b322560 elementor-widget elementor-widget-heading\" data-id=\"b322560\" data-element_type=\"widget\" data-widget_type=\"heading.default\">\n\t\t\t\t<div class=\"elementor-widget-container\">\n\t\t\t<style>\/*! elementor - v3.20.0 - 11-03-2024 *\/\n.elementor-heading-title{padding:0;margin:0;line-height:1}.elementor-widget-heading .elementor-heading-title[class*=elementor-size-]>a{color:inherit;font-size:inherit;line-height:inherit}.elementor-widget-heading .elementor-heading-title.elementor-size-small{font-size:15px}.elementor-widget-heading .elementor-heading-title.elementor-size-medium{font-size:19px}.elementor-widget-heading .elementor-heading-title.elementor-size-large{font-size:29px}.elementor-widget-heading .elementor-heading-title.elementor-size-xl{font-size:39px}.elementor-widget-heading .elementor-heading-title.elementor-size-xxl{font-size:59px}<\/style><h1 class=\"elementor-heading-title elementor-size-default\">Usul ve Esaslar<\/h1>\t\t<\/div>\n\t\t\t\t<\/div>\n\t\t\t\t<div class=\"elementor-element elementor-element-9a1d2f2 elementor-widget elementor-widget-spacer\" data-id=\"9a1d2f2\" data-element_type=\"widget\" data-widget_type=\"spacer.default\">\n\t\t\t\t<div class=\"elementor-widget-container\">\n\t\t\t\t\t<div class=\"elementor-spacer\">\n\t\t\t<div class=\"elementor-spacer-inner\"><\/div>\n\t\t<\/div>\n\t\t\t\t<\/div>\n\t\t\t\t<\/div>\n\t\t\t\t\t<\/div>\n\t\t<\/div>\n\t\t\t\t\t<\/div>\n\t\t<\/section>\n\t\t\t\t<section class=\"elementor-section elementor-top-section elementor-element elementor-element-155a403 elementor-section-boxed elementor-section-height-default elementor-section-height-default wpr-particle-no wpr-jarallax-no wpr-parallax-no wpr-sticky-section-no\" data-id=\"155a403\" data-element_type=\"section\">\n\t\t\t\t\t\t<div class=\"elementor-container elementor-column-gap-default\">\n\t\t\t\t\t<div class=\"elementor-column elementor-col-100 elementor-top-column elementor-element elementor-element-66fc0c5\" data-id=\"66fc0c5\" data-element_type=\"column\">\n\t\t\t<div class=\"elementor-widget-wrap elementor-element-populated\">\n\t\t\t\t\t\t<div class=\"elementor-element elementor-element-38015fa elementor-widget elementor-widget-heading\" data-id=\"38015fa\" data-element_type=\"widget\" data-widget_type=\"heading.default\">\n\t\t\t\t<div class=\"elementor-widget-container\">\n\t\t\t<h4 class=\"elementor-heading-title elementor-size-default\">TAHK\u0130M, ARABULUCULUK VE ALTERNAT\u0130F UYU\u015eMAZLIK \u00c7\u00d6Z\u00dcM MERKEZ\u0130 USUL VE ESASLARI<\/h4>\t\t<\/div>\n\t\t\t\t<\/div>\n\t\t\t\t\t<\/div>\n\t\t<\/div>\n\t\t\t\t\t<\/div>\n\t\t<\/section>\n\t\t\t\t<section class=\"elementor-section elementor-top-section elementor-element elementor-element-1d55dc3 elementor-section-boxed elementor-section-height-default elementor-section-height-default wpr-particle-no wpr-jarallax-no wpr-parallax-no wpr-sticky-section-no\" data-id=\"1d55dc3\" data-element_type=\"section\">\n\t\t\t\t\t\t<div class=\"elementor-container elementor-column-gap-default\">\n\t\t\t\t\t<div class=\"elementor-column elementor-col-100 elementor-top-column elementor-element elementor-element-b7a38fd\" data-id=\"b7a38fd\" data-element_type=\"column\">\n\t\t\t<div class=\"elementor-widget-wrap elementor-element-populated\">\n\t\t\t\t\t\t<div class=\"elementor-element elementor-element-5c7fbfc elementor-widget elementor-widget-text-editor\" data-id=\"5c7fbfc\" data-element_type=\"widget\" data-widget_type=\"text-editor.default\">\n\t\t\t\t<div class=\"elementor-widget-container\">\n\t\t\t<style>\/*! elementor - v3.20.0 - 11-03-2024 *\/\n.elementor-widget-text-editor.elementor-drop-cap-view-stacked .elementor-drop-cap{background-color:#69727d;color:#fff}.elementor-widget-text-editor.elementor-drop-cap-view-framed .elementor-drop-cap{color:#69727d;border:3px solid;background-color:transparent}.elementor-widget-text-editor:not(.elementor-drop-cap-view-default) .elementor-drop-cap{margin-top:8px}.elementor-widget-text-editor:not(.elementor-drop-cap-view-default) .elementor-drop-cap-letter{width:1em;height:1em}.elementor-widget-text-editor .elementor-drop-cap{float:left;text-align:center;line-height:1;font-size:50px}.elementor-widget-text-editor .elementor-drop-cap-letter{display:inline-block}<\/style>\t\t\t\t<p><strong><b>Madde 1- Ama\u00e7 ve Tan\u0131mlar<\/b><\/strong><\/p><p>(1) Bu usul ve esaslar\u0131n amac\u0131, MASFEDTAM Tahkim, Arabuluculuk ve Alternatif Uyu\u015fmazl\u0131k \u00c7\u00f6z\u00fcm Merkezi MASFEDTAM\u2019 nin yap\u0131s\u0131n\u0131 ve \u00e7al\u0131\u015fma usullerini d\u00fczenlemektir.<\/p><p>(2) Bu Usul ve Esaslarda ge\u00e7en;<\/p><ol><li>a) MASFED: Motorlu ara\u00e7 sat\u0131c\u0131lar\u0131 Federasyonu<\/li><li>b) Divan: MASFEDTAM Tahkim Divan\u0131\u2019n\u0131<\/li><li>c) Hakem \/ Hakem Heyeti: Uyu\u015fmazl\u0131klar\u0131 \u00e7\u00f6zen hakemi ve\/veya hakem heyetini<\/li><li>d) Kurallar: MASFEDTAM Tahkim Kurallar\u0131n\u0131<\/li><li>e) Merkez: MASFEDTAM Tahkim Merkezi\u2019ni<\/li><li>f) Sekretarya: MASFEDTAM Sekretaryas\u0131n\u0131<\/li><li>g) Tarife: MASFEDTAM Masraflar ve \u00dccretler Tarifesini<\/li><li>h) Usul ve Esaslar: MASFEDTAM Usul ve Esaslar\u0131n\u0131<\/li><\/ol><p>\u0131) Y\u00f6netim Kurulu: MASFEDTAM Y\u00f6netim Kurulu\u2019nu<\/p><ol><li>i) \u201cTaraf\u201d veya \u201cTaraflar\u201d davac\u0131, daval\u0131 veya davaya kat\u0131lan taraflar\u0131 ifade eder.<\/li><\/ol><p><strong><b>Madde 2 \u2013 G\u00f6rev<\/b><\/strong><strong><b><br \/><\/b><\/strong><br \/>(1) Merkez\u2019in g\u00f6revleri \u015funlard\u0131r:<br \/>a) Tahkim yarg\u0131lamas\u0131na ili\u015fkin kurallar\u0131 belirlemek ve hizmetlerin y\u00fcr\u00fct\u00fclmesini sa\u011flamak<\/p><ol><li>b) Tahkim ile ilgili e\u011fitim, tan\u0131t\u0131m ve yay\u0131n yapmak, \u00a0bu konudaki bilimsel \u00e7al\u0131\u015fmalar\u0131 te\u015fvik etmek, desteklemek, ger\u00e7ekle\u015ftirmek, yurt i\u00e7i ve yurt d\u0131\u015f\u0131ndaki ilgili ki\u015fi ve kurumlarla i\u015f birli\u011fi yapmak<\/li><\/ol><p><strong><b>Madde 3 \u2013 Yap\u0131<\/b><\/strong><strong><b><br \/><\/b><\/strong><br \/>Merkez; Y\u00f6netim Kurulu, Divan Kurulu ve Sekretaryadan olu\u015fur.<strong><b>\u00a0<\/b><\/strong><\/p><p><strong><b>Madde 4 \u2013\u00a0Y\u00f6netim Kurulu ve G\u00f6revleri<\/b><\/strong><br \/><br \/>(1) Y\u00f6netim Kurulu\u2019nun g\u00f6revleri \u015funlard\u0131r:<br \/><br \/>a) Tahkime ili\u015fkin uygulanacak kurallar ile Merkezin i\u015fleyi\u015fine ili\u015fkin usul ve esaslar\u0131 \u00a0d\u00fczenlemek<\/p><ol><li>b) Merkez\u2019in tan\u0131t\u0131m\u0131, tahkimin geli\u015fimi i\u00e7in tan\u0131t\u0131m ve e\u011fitim \u00a0faaliyetlerini bizzat ger\u00e7ekle\u015ftirmek<\/li><li>c) Hakem \u00fccreti, masraflar, hizmet bedeli ve di\u011fer \u00fccretleri i\u00e7eren Tarife\u2019yi haz\u0131rlamak<\/li><li>d) Kurallar\u2019a ve Tarife\u2019ye ba\u011fl\u0131 kalarak Merkez\u2019in ikincil mevzuat\u0131n\u0131 haz\u0131rlamak<\/li><\/ol><p>(2) Y\u00f6netim Kurulu, g\u00f6revlerini yerine getirirken ba\u011f\u0131ms\u0131z olarak hareket eder.<\/p><p><strong><b>Madde 5 \u2013 Y\u00f6netim Kurulu\u2019nun\u00a0Yap\u0131s\u0131<\/b><\/strong><strong><b><br \/><\/b><\/strong><br \/>(1) Y\u00f6netim Kurulu toplam be\u015f \u00fcyeden olu\u015fur. MASFEDTAM Genel kurulunca 5 \u00fcye 3 y\u0131ll\u0131\u011f\u0131na se\u00e7ilir.<\/p><p>(2) Merkez\u2019in idare ve temsili Y\u00f6netim Kurulu Ba\u015fkan\u0131\u2019na aittir. Ba\u015fkan\u2019\u0131n yoklu\u011funda g\u00f6revlerini yapmak \u00fczere Ba\u015fkan yard\u0131mc\u0131s\u0131, bulunmamalar\u0131 halinde Y\u00f6netim Kurulundan bir \u00fcye g\u00f6revlendirilir.<\/p><p>(3) MASFED y\u00f6netim, disiplin ve denetleme kurulu ba\u015fkanl\u0131k ve \u00fcyelikleri g\u00f6revlerinde bulunanlar, bu g\u00f6revleri s\u0131ras\u0131nda MASFEDTAM \u2018da Y\u00f6netim Kurulu \u00fcyesi olamazlar.<\/p><p>(4) Y\u00f6netim Kurulu \u00fcyeleri g\u00f6rev s\u00fcreleri boyunca, MASFEDTAM b\u00fcnyesinde y\u00fcr\u00fct\u00fclen uyu\u015fmazl\u0131klarda hakem olarak g\u00f6rev yapamazlar.<\/p><p>\u00a0\u00a0<strong><b>Madde 6 \u2013 Y\u00f6netim Kurulu Toplant\u0131lar\u0131<\/b><\/strong><strong><b><br \/><\/b><\/strong><br \/>(1) Y\u00f6netim Kurulu Ba\u015fkan\u0131 gerekli g\u00f6rd\u00fc\u011f\u00fc takdirde Y\u00f6netim Kurulu\u2019nu ola\u011fan\u00fcst\u00fc toplant\u0131ya \u00e7a\u011f\u0131rabilir.<\/p><p>(2) Y\u00f6netim Kurulu, toplant\u0131lar\u0131n\u0131 elektronik ileti\u015fim ara\u00e7lar\u0131n\u0131 kullanarak yapabilir ve elektronik imzal\u0131 karar alabilir. Elektronik ileti\u015fim ara\u00e7lar\u0131 ile ger\u00e7ekle\u015ftirilen toplant\u0131larda haz\u0131rlanan tutanaklar elektronik imzal\u0131 olarak saklanabilir.<\/p><p>(3) Y\u00f6netim Kurulu, en az d\u00f6rt \u00fcyenin kat\u0131l\u0131m\u0131 ile toplan\u0131r ve basit \u00e7o\u011funluk ile karar al\u0131r. Toplant\u0131ya kat\u0131lanlar\u0131n oylar\u0131n\u0131n e\u015fitli\u011fi halinde Y\u00f6netim Kurulu Ba\u015fkan\u0131\u2019n\u0131n oyu do\u011frultusunda karar al\u0131nm\u0131\u015f say\u0131l\u0131r.<\/p><p><strong><b>TAHK\u0130M D\u0130VANI<\/b><\/strong><\/p><p><strong><b>Madde 7- Tahkim Divan\u0131\u2019n\u0131n G\u00f6revi<\/b><\/strong><strong><b><br \/><\/b><\/strong><br \/>(1) Divan, Kurallar\u0131n uygulanmas\u0131n\u0131 ve uyu\u015fmazl\u0131klar\u0131n Kurallar uyar\u0131nca \u00e7\u00f6z\u00fcmlenmesini y\u00f6netmekle g\u00f6revlidir.<\/p><p>(2) Divan, Merkez organlar\u0131ndan ba\u011f\u0131ms\u0131z olarak g\u00f6revlerini yerine getirir.<\/p><p>(3) Divan, uyu\u015fmazl\u0131\u011f\u0131 kendisi \u00e7\u00f6z\u00fcmleyemez.<\/p><p><strong><b>Madde 8 \u2013 Tahkim Divan\u0131\u2019n\u0131n Yap\u0131s\u0131<\/b><\/strong><strong><b><br \/><\/b><\/strong><br \/>(1) Divan, Y\u00f6netim Kurulu taraf\u0131ndan sekt\u00f6rel deneyimi olanlar aras\u0131ndan se\u00e7ilecek d\u00f6rt \u00fcye ile Y\u00f6netim Kurulu Ba\u015fkan\u0131\u2019ndan \u00a0olu\u015fur.<br \/><br \/>(2) Divan \u00fcyelerinin g\u00f6rev s\u00fcresi, Y\u00f6netim Kurulu\u2019nun g\u00f6rev s\u00fcresi kadard\u0131r. Bununla birlikte, yeni divan olu\u015fturulana kadar mevcut divan yarg\u0131lama faaliyetlerine ili\u015fkin g\u00f6revlerini y\u00fcr\u00fctmeye devam eder.<\/p><p>(3) Divan \u00fcyeli\u011finin herhangi bir sebeple sona ermesi halinde, bu \u00fcyenin g\u00f6rev s\u00fcresini tamamlamak \u00fczere Y\u00f6netim Kurulu taraf\u0131ndan yeni \u00fcye se\u00e7ilir.<\/p><p>(4) Divan \u00fcyeleri, MASFEDTAM \u00a0Kurallar\u0131n\u0131n uyguland\u0131\u011f\u0131 uyu\u015fmazl\u0131klarda hakem veya taraf vekili olarak g\u00f6rev yapamazlar.<\/p><p><strong><b>Madde 9 \u2013 Tahkim Divan\u0131\u2019n\u0131n Toplant\u0131lar\u0131<\/b><\/strong><\/p><p>(1)<strong><b>\u00a0<\/b><\/strong>Divan Ba\u015fkan\u0131, Divan\u2019\u0131 toplant\u0131ya \u00e7a\u011f\u0131rabilir.<\/p><p>\u00a0(2) Divan, Divan Ba\u015fkan\u0131\u2019n\u0131n ba\u015fkanl\u0131\u011f\u0131nda, \u00fcye tam say\u0131s\u0131n\u0131n basit \u00e7o\u011funlu\u011fuyla toplan\u0131r ve toplant\u0131ya kat\u0131lanlar\u0131n basit \u00e7o\u011funlu\u011fuyla karar al\u0131r. Toplant\u0131ya kat\u0131lanlar\u0131n oylar\u0131n\u0131n e\u015fitli\u011fi halinde Divan Ba\u015fkan\u0131\u2019n\u0131n oyu do\u011frultusunda karar al\u0131nm\u0131\u015f say\u0131l\u0131r.<\/p><p>(3) Divan, toplant\u0131lar\u0131n\u0131 elektronik ileti\u015fim ara\u00e7lar\u0131n\u0131 kullanarak yapabilir ve elektronik imzal\u0131 olarak karar alabilir. Elektronik ileti\u015fim ara\u00e7lar\u0131 ile ger\u00e7ekle\u015ftirilen toplant\u0131larda haz\u0131rlanan tutanaklar elektronik imzal\u0131 olarak saklanabilir.<\/p><p>(4) Divan\u2019\u0131n kararlar\u0131na kar\u015f\u0131, karar\u0131n tebli\u011finden itibaren bir hafta i\u00e7erisinde Divan\u2019a itiraz edilebilir. \u0130tiraz \u00fczerine yap\u0131lan inceleme sonucunda Divan\u2019\u0131n verece\u011fi karar kesindir.<\/p><p>(5) Sekretarya, Divan\u2019\u0131n sekreterlik hizmetlerini de y\u00fcr\u00fct\u00fcr.<\/p><p><strong><b>Madde 10 \u2013 Divan\u2019\u0131n Gizlili\u011fi<\/b><\/strong><\/p><p><strong><b>(1)\u00a0<\/b><\/strong>Divan toplant\u0131lar\u0131 gizlidir. Toplant\u0131lara sadece Divan \u00fcyeleri kat\u0131labilir.<\/p><p>(2) Divan Ba\u015fkan\u0131, ilgili t\u00fcm hal ve \u015fartlar\u0131 dikkate alarak \u00fc\u00e7\u00fcnc\u00fc ki\u015filerin toplant\u0131lara kat\u0131lmas\u0131na izin verebilir. Bu halde \u00fc\u00e7\u00fcn\u00fc ki\u015filer, toplant\u0131lar\u0131n gizlili\u011fine uygun davranmak zorundad\u0131r.<\/p><p>(3) Divan\u2019a sunulmu\u015f belgeler, Divan \u00fcyeleri ve Sekretarya d\u0131\u015f\u0131nda gizlidir. Divan\u2019\u0131n d\u00fczenledi\u011fi her t\u00fcrl\u00fc karar, belge ve yaz\u0131\u015fma yaln\u0131zca ilgililerine iletilebilir.<\/p><p><strong><b>SEKRETARYA<\/b><\/strong><\/p><p><strong><b>Madde 11 \u2013 Sekreterya\u2019n\u0131n Yap\u0131s\u0131<\/b><\/strong><\/p><p>(1) Sekretarya, yeterli say\u0131da Raport\u00f6r ve personelden olu\u015fur.<\/p><p>(2) MASFEDTAM, Merkez\u2019in faaliyetlerinin y\u00fcr\u00fct\u00fclmesi i\u00e7in Raport\u00f6r d\u0131\u015f\u0131nda gerekli say\u0131da personeli Sekretarya \u2019ya tahsis eder.<\/p><p>(3)<strong><b>\u00a0<\/b><\/strong>Sekretarya, Kurallar \u2019da \u00f6ng\u00f6r\u00fclen ve Merkez\u2019in i\u015fleyi\u015fine ili\u015fkin usul ve esaslar\u0131 i\u00e7eren d\u00fczenlemelerde belirlenen g\u00f6revleri yerine getirmek ve Divan\u2019a i\u015flerini y\u00fcr\u00fctmekte yard\u0131mc\u0131 olmakla g\u00f6revlidir.<\/p><p>(4) Sekretarya, ger\u00e7ekle\u015fen faaliyetlere ili\u015fkin kararlar\u0131, g\u00f6rev belgelerini, usuli zaman \u00e7izelgelerini, Divan kararlar\u0131n\u0131, Sekretarya taraf\u0131ndan yap\u0131lan yaz\u0131\u015fmalar\u0131 ve ilgili t\u00fcm belgeleri Merkez ar\u015fivinde saklar.<br \/><br \/>(5) Raport\u00f6r ve tahsis edilen personel, Sekretarya \u2018ya sunulmu\u015f her t\u00fcrl\u00fc beyan, belge, dilek\u00e7e ve yaz\u0131\u015fman\u0131n gizlili\u011fine uygun davranmak, g\u00f6revleri esnas\u0131nda \u00f6\u011frenecekleri s\u0131rlar\u0131 ve bilgileri gizli tutmakla y\u00fck\u00fcml\u00fcd\u00fcr.<\/p><p>(6) Sekreterya hakem kararlar\u0131n\u0131n asl\u0131na uygunlu\u011funu onaylama yetkisine sahiptir.<\/p><p>(7) Sekreterya\u2019da g\u00f6revli personeller MASFEDTAM \u00a0\u00a0b\u00fcnyesinde y\u00fcr\u00fct\u00fclen uyu\u015fmazl\u0131klarda hakem, veya taraf vekili olarak g\u00f6rev yapamazlar.<\/p><p><strong><b>B\u00dcT\u00c7E VE MASRAFLAR<\/b><\/strong><\/p><p><strong><b>Madde 12 \u2013 B\u00fct\u00e7e<\/b><\/strong><\/p><p>(1) Merkez\u2019in giderleri MASFEDTAM taraf\u0131ndan kar\u015f\u0131lan\u0131r.<\/p><p>(2) Merkez taraf\u0131ndan ger\u00e7ekle\u015ftirilen faaliyetler neticesinde elde edilecek olan gelirler do\u011frudan MASFEDTAM taraf\u0131ndan tahsil edilir.<\/p><p>(3) Merkez, yarg\u0131lama g\u00f6revlerinin ifas\u0131 i\u00e7in harcamalar\u0131 yapma yetkisine sahiptir. \u0130dari g\u00f6revlerin ifas\u0131 i\u00e7in gereken harcamalar, MASFEDTAM Y\u00f6netim Kurulu\u2019nun karar\u0131 ile yap\u0131l\u0131r.<\/p><p><strong><b>Madde 13 \u2013 Masraflar ve \u00dccret<\/b><\/strong><strong><b><br \/><\/b><\/strong><br \/>(1) Merkez organlar\u0131n\u0131n t\u00fcm \u00fcyelerinin, Merkez faaliyetleri i\u00e7in yapt\u0131klar\u0131 seyahat konaklama ve e\u011fitim gibi giderler ba\u015fta olmak \u00fczere t\u00fcm giderleri MASFEDTAM taraf\u0131ndan kar\u015f\u0131lan\u0131r.<\/p><p><strong><b>Madde 14 \u2013 Gizlilik<\/b><\/strong><strong><b><br \/><\/b><\/strong><strong><b><br \/><\/b><\/strong>(1) Merkez organlar\u0131n\u0131n \u00fcyeleri ile \u00e7al\u0131\u015fanlar\u0131, g\u00f6revleri dolay\u0131s\u0131yla \u00f6\u011frendikleri s\u0131rlar ile taraflar ve \u00fc\u00e7\u00fcnc\u00fc ki\u015filere ait her t\u00fcrl\u00fc bilgileri, g\u00f6revleri sona erse dahi hi\u00e7bir ki\u015fi ve kurulu\u015fa a\u00e7\u0131klayamaz, kendisi veya ba\u015fkas\u0131 yarar\u0131na kullanamazlar; taraflar\u0131n yaz\u0131l\u0131 izni olmaks\u0131z\u0131n g\u00f6revi gere\u011fi edindi\u011fi bilgi ve belgelere dayanarak beyan ve yay\u0131nlarda bulunamazlar.<\/p><p><strong><b>Madde 15 \u2013 Ge\u00e7i\u015f H\u00fck\u00fcmleri<\/b><\/strong><strong><b><br \/><\/b><\/strong><br \/>(1) Merkez\u2019in yeni organlar\u0131 olu\u015fturulana kadar mevcut organlar\u0131n g\u00f6revleri devam eder. Tahkim yarg\u0131lamas\u0131na ili\u015fkin yeni kurallar y\u00fcr\u00fcrl\u00fc\u011fe girene kadar y\u00fcr\u00fcrl\u00fckten kald\u0131r\u0131lan kurallar uygulanmaya devam eder.<\/p><p><strong><b>Madde 16 \u2013 Y\u00fcr\u00fcrl\u00fck<\/b><\/strong><strong><b><br \/><\/b><\/strong><br \/>(1) \u0130\u015fbu Usul ve Esaslar , MASFEDTAM Y\u00f6netim Kurulunun 10\/01\/2023 tarih ve 2023\/ 002 Say\u0131l\u0131 karar\u0131yla kabul edilmi\u015f olup, ayn\u0131 g\u00fcn y\u00fcr\u00fcrl\u00fc\u011fe girmi\u015ftir.<\/p>\t\t\t\t\t\t<\/div>\n\t\t\t\t<\/div>\n\t\t\t\t\t<\/div>\n\t\t<\/div>\n\t\t\t\t\t<\/div>\n\t\t<\/section>\n\t\t\t\t<\/div>\n\t\t","protected":false},"excerpt":{"rendered":"<p>Usul ve Esaslar TAHK\u0130M, ARABULUCULUK VE ALTERNAT\u0130F UYU\u015eMAZLIK \u00c7\u00d6Z\u00dcM MERKEZ\u0130 USUL VE ESASLARI Madde 1- Ama\u00e7 ve Tan\u0131mlar (1) Bu usul ve esaslar\u0131n amac\u0131, MASFEDTAM Tahkim, Arabuluculuk ve Alternatif Uyu\u015fmazl\u0131k \u00c7\u00f6z\u00fcm Merkezi MASFEDTAM\u2019 nin yap\u0131s\u0131n\u0131 ve \u00e7al\u0131\u015fma usullerini d\u00fczenlemektir. (2) Bu Usul ve Esaslarda ge\u00e7en; a) MASFED: Motorlu ara\u00e7 sat\u0131c\u0131lar\u0131 Federasyonu b) Divan: MASFEDTAM Tahkim [&hellip;]<\/p>\n","protected":false},"author":1,"featured_media":0,"parent":0,"menu_order":0,"comment_status":"closed","ping_status":"closed","template":"elementor_canvas","meta":{"_mi_skip_tracking":false,"_monsterinsights_sitenote_active":false,"_monsterinsights_sitenote_note":"","_monsterinsights_sitenote_category":0,"footnotes":""},"class_list":["post-2383","page","type-page","status-publish","hentry"],"aioseo_notices":[],"_links":{"self":[{"href":"https:\/\/masfedtam.com.tr\/index.php?rest_route=\/wp\/v2\/pages\/2383","targetHints":{"allow":["GET"]}}],"collection":[{"href":"https:\/\/masfedtam.com.tr\/index.php?rest_route=\/wp\/v2\/pages"}],"about":[{"href":"https:\/\/masfedtam.com.tr\/index.php?rest_route=\/wp\/v2\/types\/page"}],"author":[{"embeddable":true,"href":"https:\/\/masfedtam.com.tr\/index.php?rest_route=\/wp\/v2\/users\/1"}],"replies":[{"embeddable":true,"href":"https:\/\/masfedtam.com.tr\/index.php?rest_route=%2Fwp%2Fv2%2Fcomments&post=2383"}],"version-history":[{"count":0,"href":"https:\/\/masfedtam.com.tr\/index.php?rest_route=\/wp\/v2\/pages\/2383\/revisions"}],"wp:attachment":[{"href":"https:\/\/masfedtam.com.tr\/index.php?rest_route=%2Fwp%2Fv2%2Fmedia&parent=2383"}],"curies":[{"name":"wp","href":"https:\/\/api.w.org\/{rel}","templated":true}]}}