{"id":2378,"date":"2023-02-22T15:45:02","date_gmt":"2023-02-22T12:45:02","guid":{"rendered":"https:\/\/masfedtam.com.tr\/?page_id=2378"},"modified":"2023-03-13T13:06:54","modified_gmt":"2023-03-13T10:06:54","slug":"tahkim-talebi","status":"publish","type":"page","link":"https:\/\/masfedtam.com.tr\/?page_id=2378","title":{"rendered":"Tahkim Talebi"},"content":{"rendered":"\t\t<div data-elementor-type=\"wp-page\" data-elementor-id=\"2378\" class=\"elementor elementor-2378\">\n\t\t\t\t\t\t<section class=\"elementor-section elementor-top-section elementor-element elementor-element-dd5675f elementor-section-boxed elementor-section-height-default elementor-section-height-default wpr-particle-no wpr-jarallax-no wpr-parallax-no wpr-sticky-section-no\" data-id=\"dd5675f\" data-element_type=\"section\" data-settings=\"{&quot;background_background&quot;:&quot;classic&quot;}\">\n\t\t\t\t\t\t\t<div class=\"elementor-background-overlay\"><\/div>\n\t\t\t\t\t\t\t<div class=\"elementor-container elementor-column-gap-default\">\n\t\t\t\t\t<div class=\"elementor-column elementor-col-100 elementor-top-column elementor-element elementor-element-ff434ba\" data-id=\"ff434ba\" data-element_type=\"column\">\n\t\t\t<div class=\"elementor-widget-wrap elementor-element-populated\">\n\t\t\t\t\t\t<div class=\"elementor-element elementor-element-833e5a8 elementor-widget elementor-widget-spacer\" data-id=\"833e5a8\" data-element_type=\"widget\" data-widget_type=\"spacer.default\">\n\t\t\t\t<div class=\"elementor-widget-container\">\n\t\t\t<style>\/*! elementor - v3.20.0 - 11-03-2024 *\/\n.elementor-column .elementor-spacer-inner{height:var(--spacer-size)}.e-con{--container-widget-width:100%}.e-con-inner>.elementor-widget-spacer,.e-con>.elementor-widget-spacer{width:var(--container-widget-width,var(--spacer-size));--align-self:var(--container-widget-align-self,initial);--flex-shrink:0}.e-con-inner>.elementor-widget-spacer>.elementor-widget-container,.e-con>.elementor-widget-spacer>.elementor-widget-container{height:100%;width:100%}.e-con-inner>.elementor-widget-spacer>.elementor-widget-container>.elementor-spacer,.e-con>.elementor-widget-spacer>.elementor-widget-container>.elementor-spacer{height:100%}.e-con-inner>.elementor-widget-spacer>.elementor-widget-container>.elementor-spacer>.elementor-spacer-inner,.e-con>.elementor-widget-spacer>.elementor-widget-container>.elementor-spacer>.elementor-spacer-inner{height:var(--container-widget-height,var(--spacer-size))}.e-con-inner>.elementor-widget-spacer.elementor-widget-empty,.e-con>.elementor-widget-spacer.elementor-widget-empty{position:relative;min-height:22px;min-width:22px}.e-con-inner>.elementor-widget-spacer.elementor-widget-empty .elementor-widget-empty-icon,.e-con>.elementor-widget-spacer.elementor-widget-empty .elementor-widget-empty-icon{position:absolute;top:0;bottom:0;left:0;right:0;margin:auto;padding:0;width:22px;height:22px}<\/style>\t\t<div class=\"elementor-spacer\">\n\t\t\t<div class=\"elementor-spacer-inner\"><\/div>\n\t\t<\/div>\n\t\t\t\t<\/div>\n\t\t\t\t<\/div>\n\t\t\t\t<div class=\"elementor-element elementor-element-7e0690a elementor-widget elementor-widget-heading\" data-id=\"7e0690a\" data-element_type=\"widget\" data-widget_type=\"heading.default\">\n\t\t\t\t<div class=\"elementor-widget-container\">\n\t\t\t<style>\/*! elementor - v3.20.0 - 11-03-2024 *\/\n.elementor-heading-title{padding:0;margin:0;line-height:1}.elementor-widget-heading .elementor-heading-title[class*=elementor-size-]>a{color:inherit;font-size:inherit;line-height:inherit}.elementor-widget-heading .elementor-heading-title.elementor-size-small{font-size:15px}.elementor-widget-heading .elementor-heading-title.elementor-size-medium{font-size:19px}.elementor-widget-heading .elementor-heading-title.elementor-size-large{font-size:29px}.elementor-widget-heading .elementor-heading-title.elementor-size-xl{font-size:39px}.elementor-widget-heading .elementor-heading-title.elementor-size-xxl{font-size:59px}<\/style><h1 class=\"elementor-heading-title elementor-size-default\">Tahkim Talebi<\/h1>\t\t<\/div>\n\t\t\t\t<\/div>\n\t\t\t\t<div class=\"elementor-element elementor-element-ffae9a1 elementor-widget elementor-widget-spacer\" data-id=\"ffae9a1\" data-element_type=\"widget\" data-widget_type=\"spacer.default\">\n\t\t\t\t<div class=\"elementor-widget-container\">\n\t\t\t\t\t<div class=\"elementor-spacer\">\n\t\t\t<div class=\"elementor-spacer-inner\"><\/div>\n\t\t<\/div>\n\t\t\t\t<\/div>\n\t\t\t\t<\/div>\n\t\t\t\t\t<\/div>\n\t\t<\/div>\n\t\t\t\t\t<\/div>\n\t\t<\/section>\n\t\t\t\t<section class=\"elementor-section elementor-top-section elementor-element elementor-element-b665bdc elementor-section-boxed elementor-section-height-default elementor-section-height-default wpr-particle-no wpr-jarallax-no wpr-parallax-no wpr-sticky-section-no\" data-id=\"b665bdc\" data-element_type=\"section\">\n\t\t\t\t\t\t<div class=\"elementor-container elementor-column-gap-default\">\n\t\t\t\t\t<div class=\"elementor-column elementor-col-100 elementor-top-column elementor-element elementor-element-4117841\" data-id=\"4117841\" data-element_type=\"column\">\n\t\t\t<div class=\"elementor-widget-wrap elementor-element-populated\">\n\t\t\t\t\t\t<div class=\"elementor-element elementor-element-308787f elementor-widget elementor-widget-text-editor\" data-id=\"308787f\" data-element_type=\"widget\" data-widget_type=\"text-editor.default\">\n\t\t\t\t<div class=\"elementor-widget-container\">\n\t\t\t<style>\/*! elementor - v3.20.0 - 11-03-2024 *\/\n.elementor-widget-text-editor.elementor-drop-cap-view-stacked .elementor-drop-cap{background-color:#69727d;color:#fff}.elementor-widget-text-editor.elementor-drop-cap-view-framed .elementor-drop-cap{color:#69727d;border:3px solid;background-color:transparent}.elementor-widget-text-editor:not(.elementor-drop-cap-view-default) .elementor-drop-cap{margin-top:8px}.elementor-widget-text-editor:not(.elementor-drop-cap-view-default) .elementor-drop-cap-letter{width:1em;height:1em}.elementor-widget-text-editor .elementor-drop-cap{float:left;text-align:center;line-height:1;font-size:50px}.elementor-widget-text-editor .elementor-drop-cap-letter{display:inline-block}<\/style>\t\t\t\t<p><strong><b>NASIL DAVA A\u00c7ILIR<\/b><\/strong><strong><b>?<\/b><\/strong><\/p><p><strong><b>Davac\u0131<\/b><\/strong>:<\/p><p>1)\u00a0\u00a0\u00a0\u00a0\u00a0Tahkim Talebi (\u00f6zet dilek\u00e7e) veya Dava Dilek\u00e7esi (tam dilek\u00e7e) ile birlikte tahkim \u015fart\u0131n\u0131 Sekretarya \u2019ya sunar (Tahkim Talebi veya Dava Dilek\u00e7esi ile tahkim \u015fart\u0131n\u0131n, <a href=\"mailto:info@masfedtam.com.tr\"><u>info@masfedtam.com.tr<\/u><\/a>\u00a0mail adresine elektronik yolla sunulmas\u0131 veya ana sayfadaki MASFEDTAM Tahkim Talebi kutucu\u011fundan elektronik ba\u015fvuru yap\u0131lmas\u0131 da\u00a0m\u00fcmk\u00fcnd\u00fcr).<\/p><p>2)\u00a0Ba\u015fvuru \u00fccretini a\u015fa\u011f\u0131daki banka hesap numaras\u0131na yat\u0131r\u0131r:<\/p><p>BANKA ADI<\/p><p>\u015eUBE<\/p><p>IBAN: TR<\/p><p>ve \u00fccretin \u00f6dendi\u011fine dair belgeyi Sekretarya \u2018ya sunar.<\/p><p>\u00a0<\/p><p>3)\u00a0\u00a0\u00a0Uyu\u015fmazl\u0131\u011fa g\u00f6re tek veya \u00fc\u00e7 hakem belirleyebilir. Hakem isimlerini belirler ve sekretarya ya bildirir.<\/p><p><strong><b>YARGILAMA NASIL YAPILIR<\/b><\/strong><strong><b>?<\/b><\/strong><\/p><p>1)\u00a0 <strong><b>Davac\u0131<\/b><\/strong>:<\/p><p>Tahkim Talebi (\u00f6zet dilek\u00e7e) veya Dava Dilek\u00e7esi (tam dilek\u00e7e) ile delillerini Sekretarya \u2019ya sunar. (Tahkim Talebi veya Dava Dilek\u00e7esi ile eklerinin \u201c\u201dadresine elektronik yolla sunulmas\u0131 veya ana sayfadaki MASFEDTAM Tahkim Talebi kutucu\u011fundan elektronik ba\u015fvuru yap\u0131lmas\u0131 da\u00a0m\u00fcmk\u00fcnd\u00fcr m\u00fcmk\u00fcnd\u00fcr).<\/p><p>2)\u00a0<strong><b>Daval\u0131<\/b><\/strong>:\u00a0<strong>30 g\u00fcn i\u00e7erisinde<\/strong><\/p><p>\u00a0<\/p><ol><li>a) Tahkim Talebine Cevab\u0131n\u0131 (\u00f6zet dilek\u00e7e) Sekretarya \u2019ya sunar (info@masfedtam.com.tr ) adresine elektronik yolla sunulmas\u0131 da m\u00fcmk\u00fcnd\u00fcr).<\/li><li>b) Cevap Dilek\u00e7esi (tam dilek\u00e7e) ve delillerini Sekretarya \u2018ya sunar (info@masfedtam.com.tr<u>)<\/u>adresine elektronik yolla sunulmas\u0131 da m\u00fcmk\u00fcnd\u00fcr).<\/li><\/ol><p>(Taraflar\u0131n daha fazla dilek\u00e7e sunmas\u0131 kararla\u015ft\u0131r\u0131labilir.)<\/p><p>3)\u00a0 Duru\u015fma<\/p><p>4)\u00a0 Tahkikat\u0131n sona ermesi<\/p><p>5)\u00a0 Hakem karar\u0131n\u0131n Sekretarya \u2018ya sunulmas\u0131<\/p>\t\t\t\t\t\t<\/div>\n\t\t\t\t<\/div>\n\t\t\t\t\t<\/div>\n\t\t<\/div>\n\t\t\t\t\t<\/div>\n\t\t<\/section>\n\t\t\t\t<section class=\"elementor-section elementor-top-section elementor-element elementor-element-6ae6be0 elementor-section-boxed elementor-section-height-default elementor-section-height-default wpr-particle-no wpr-jarallax-no wpr-parallax-no wpr-sticky-section-no\" data-id=\"6ae6be0\" data-element_type=\"section\">\n\t\t\t\t\t\t<div class=\"elementor-container elementor-column-gap-default\">\n\t\t\t\t\t<div class=\"elementor-column elementor-col-100 elementor-top-column elementor-element elementor-element-13099fb\" data-id=\"13099fb\" data-element_type=\"column\">\n\t\t\t<div class=\"elementor-widget-wrap elementor-element-populated\">\n\t\t\t\t\t\t<div class=\"elementor-element elementor-element-478a9d5 elementor-align-center elementor-widget elementor-widget-button\" data-id=\"478a9d5\" data-element_type=\"widget\" data-widget_type=\"button.default\">\n\t\t\t\t<div class=\"elementor-widget-container\">\n\t\t\t\t\t<div class=\"elementor-button-wrapper\">\n\t\t\t<a class=\"elementor-button elementor-button-link elementor-size-lg\" href=\"https:\/\/masfedtam.com.tr\/tahkim-basvurusu\/\">\n\t\t\t\t\t\t<span class=\"elementor-button-content-wrapper\">\n\t\t\t\t\t\t<span class=\"elementor-button-icon elementor-align-icon-right\">\n\t\t\t\t<i aria-hidden=\"true\" class=\"fas fa-mouse-pointer\"><\/i>\t\t\t<\/span>\n\t\t\t\t\t\t<span class=\"elementor-button-text\">TAHK\u0130M BA\u015eVURUSU<\/span>\n\t\t<\/span>\n\t\t\t\t\t<\/a>\n\t\t<\/div>\n\t\t\t\t<\/div>\n\t\t\t\t<\/div>\n\t\t\t\t\t<\/div>\n\t\t<\/div>\n\t\t\t\t\t<\/div>\n\t\t<\/section>\n\t\t\t\t<\/div>\n\t\t","protected":false},"excerpt":{"rendered":"<p>Tahkim Talebi NASIL DAVA A\u00c7ILIR? Davac\u0131: 1)\u00a0\u00a0\u00a0\u00a0\u00a0Tahkim Talebi (\u00f6zet dilek\u00e7e) veya Dava Dilek\u00e7esi (tam dilek\u00e7e) ile birlikte tahkim \u015fart\u0131n\u0131 Sekretarya \u2019ya sunar (Tahkim Talebi veya Dava Dilek\u00e7esi ile tahkim \u015fart\u0131n\u0131n, info@masfedtam.com.tr\u00a0mail adresine elektronik yolla sunulmas\u0131 veya ana sayfadaki MASFEDTAM Tahkim Talebi kutucu\u011fundan elektronik ba\u015fvuru yap\u0131lmas\u0131 da\u00a0m\u00fcmk\u00fcnd\u00fcr). 2)\u00a0Ba\u015fvuru \u00fccretini a\u015fa\u011f\u0131daki banka hesap numaras\u0131na yat\u0131r\u0131r: BANKA ADI [&hellip;]<\/p>\n","protected":false},"author":1,"featured_media":0,"parent":0,"menu_order":0,"comment_status":"closed","ping_status":"closed","template":"elementor_canvas","meta":{"_mi_skip_tracking":false,"_monsterinsights_sitenote_active":false,"_monsterinsights_sitenote_note":"","_monsterinsights_sitenote_category":0,"footnotes":""},"class_list":["post-2378","page","type-page","status-publish","hentry"],"aioseo_notices":[],"_links":{"self":[{"href":"https:\/\/masfedtam.com.tr\/index.php?rest_route=\/wp\/v2\/pages\/2378","targetHints":{"allow":["GET"]}}],"collection":[{"href":"https:\/\/masfedtam.com.tr\/index.php?rest_route=\/wp\/v2\/pages"}],"about":[{"href":"https:\/\/masfedtam.com.tr\/index.php?rest_route=\/wp\/v2\/types\/page"}],"author":[{"embeddable":true,"href":"https:\/\/masfedtam.com.tr\/index.php?rest_route=\/wp\/v2\/users\/1"}],"replies":[{"embeddable":true,"href":"https:\/\/masfedtam.com.tr\/index.php?rest_route=%2Fwp%2Fv2%2Fcomments&post=2378"}],"version-history":[{"count":0,"href":"https:\/\/masfedtam.com.tr\/index.php?rest_route=\/wp\/v2\/pages\/2378\/revisions"}],"wp:attachment":[{"href":"https:\/\/masfedtam.com.tr\/index.php?rest_route=%2Fwp%2Fv2%2Fmedia&parent=2378"}],"curies":[{"name":"wp","href":"https:\/\/api.w.org\/{rel}","templated":true}]}}