{"id":2339,"date":"2023-02-02T09:57:45","date_gmt":"2023-02-02T06:57:45","guid":{"rendered":"https:\/\/masfedtam.com.tr\/?page_id=2339"},"modified":"2024-03-14T11:06:31","modified_gmt":"2024-03-14T08:06:31","slug":"baskan-yardimcisi","status":"publish","type":"page","link":"https:\/\/masfedtam.com.tr\/?page_id=2339","title":{"rendered":"Ba\u015fkan Yard\u0131mc\u0131s\u0131"},"content":{"rendered":"\t\t<div data-elementor-type=\"wp-page\" data-elementor-id=\"2339\" class=\"elementor elementor-2339\">\n\t\t\t\t\t\t<section class=\"elementor-section elementor-top-section elementor-element elementor-element-5c25a15 elementor-section-height-min-height elementor-section-boxed elementor-section-height-default elementor-section-items-middle wpr-particle-no wpr-jarallax-no wpr-parallax-no wpr-sticky-section-no\" data-id=\"5c25a15\" data-element_type=\"section\" data-settings=\"{&quot;background_background&quot;:&quot;classic&quot;}\">\n\t\t\t\t\t\t\t<div class=\"elementor-background-overlay\"><\/div>\n\t\t\t\t\t\t\t<div class=\"elementor-container elementor-column-gap-default\">\n\t\t\t\t\t<div class=\"elementor-column elementor-col-100 elementor-top-column elementor-element elementor-element-8f02244\" data-id=\"8f02244\" data-element_type=\"column\">\n\t\t\t<div class=\"elementor-widget-wrap elementor-element-populated\">\n\t\t\t\t\t\t<div class=\"elementor-element elementor-element-09c573b elementor-widget elementor-widget-heading\" data-id=\"09c573b\" data-element_type=\"widget\" data-widget_type=\"heading.default\">\n\t\t\t\t<div class=\"elementor-widget-container\">\n\t\t\t<style>\/*! elementor - v3.20.0 - 11-03-2024 *\/\n.elementor-heading-title{padding:0;margin:0;line-height:1}.elementor-widget-heading .elementor-heading-title[class*=elementor-size-]>a{color:inherit;font-size:inherit;line-height:inherit}.elementor-widget-heading .elementor-heading-title.elementor-size-small{font-size:15px}.elementor-widget-heading .elementor-heading-title.elementor-size-medium{font-size:19px}.elementor-widget-heading .elementor-heading-title.elementor-size-large{font-size:29px}.elementor-widget-heading .elementor-heading-title.elementor-size-xl{font-size:39px}.elementor-widget-heading .elementor-heading-title.elementor-size-xxl{font-size:59px}<\/style><h2 class=\"elementor-heading-title elementor-size-default\">Ba\u015fkan Yard\u0131mc\u0131s\u0131<\/h2>\t\t<\/div>\n\t\t\t\t<\/div>\n\t\t\t\t\t<\/div>\n\t\t<\/div>\n\t\t\t\t\t<\/div>\n\t\t<\/section>\n\t\t\t\t<section class=\"elementor-section elementor-top-section elementor-element elementor-element-b029b85 elementor-section-boxed elementor-section-height-default elementor-section-height-default wpr-particle-no wpr-jarallax-no wpr-parallax-no wpr-sticky-section-no\" data-id=\"b029b85\" data-element_type=\"section\">\n\t\t\t\t\t\t<div class=\"elementor-container elementor-column-gap-default\">\n\t\t\t\t\t<div class=\"elementor-column elementor-col-100 elementor-top-column elementor-element elementor-element-db5e849\" data-id=\"db5e849\" data-element_type=\"column\">\n\t\t\t<div class=\"elementor-widget-wrap elementor-element-populated\">\n\t\t\t\t\t\t<div class=\"elementor-element elementor-element-05a1fe8 elementor-widget elementor-widget-spacer\" data-id=\"05a1fe8\" data-element_type=\"widget\" data-widget_type=\"spacer.default\">\n\t\t\t\t<div class=\"elementor-widget-container\">\n\t\t\t<style>\/*! elementor - v3.20.0 - 11-03-2024 *\/\n.elementor-column .elementor-spacer-inner{height:var(--spacer-size)}.e-con{--container-widget-width:100%}.e-con-inner>.elementor-widget-spacer,.e-con>.elementor-widget-spacer{width:var(--container-widget-width,var(--spacer-size));--align-self:var(--container-widget-align-self,initial);--flex-shrink:0}.e-con-inner>.elementor-widget-spacer>.elementor-widget-container,.e-con>.elementor-widget-spacer>.elementor-widget-container{height:100%;width:100%}.e-con-inner>.elementor-widget-spacer>.elementor-widget-container>.elementor-spacer,.e-con>.elementor-widget-spacer>.elementor-widget-container>.elementor-spacer{height:100%}.e-con-inner>.elementor-widget-spacer>.elementor-widget-container>.elementor-spacer>.elementor-spacer-inner,.e-con>.elementor-widget-spacer>.elementor-widget-container>.elementor-spacer>.elementor-spacer-inner{height:var(--container-widget-height,var(--spacer-size))}.e-con-inner>.elementor-widget-spacer.elementor-widget-empty,.e-con>.elementor-widget-spacer.elementor-widget-empty{position:relative;min-height:22px;min-width:22px}.e-con-inner>.elementor-widget-spacer.elementor-widget-empty .elementor-widget-empty-icon,.e-con>.elementor-widget-spacer.elementor-widget-empty .elementor-widget-empty-icon{position:absolute;top:0;bottom:0;left:0;right:0;margin:auto;padding:0;width:22px;height:22px}<\/style>\t\t<div class=\"elementor-spacer\">\n\t\t\t<div class=\"elementor-spacer-inner\"><\/div>\n\t\t<\/div>\n\t\t\t\t<\/div>\n\t\t\t\t<\/div>\n\t\t\t\t\t<\/div>\n\t\t<\/div>\n\t\t\t\t\t<\/div>\n\t\t<\/section>\n\t\t\t\t<section class=\"elementor-section elementor-top-section elementor-element elementor-element-63677ba elementor-section-boxed elementor-section-height-default elementor-section-height-default wpr-particle-no wpr-jarallax-no wpr-parallax-no wpr-sticky-section-no\" data-id=\"63677ba\" data-element_type=\"section\">\n\t\t\t\t\t\t<div class=\"elementor-container elementor-column-gap-default\">\n\t\t\t\t\t<div class=\"elementor-column elementor-col-33 elementor-top-column elementor-element elementor-element-9cd479b\" data-id=\"9cd479b\" data-element_type=\"column\">\n\t\t\t<div class=\"elementor-widget-wrap elementor-element-populated\">\n\t\t\t\t\t\t<div class=\"elementor-element elementor-element-a18a94b elementor-widget elementor-widget-image\" data-id=\"a18a94b\" data-element_type=\"widget\" data-widget_type=\"image.default\">\n\t\t\t\t<div class=\"elementor-widget-container\">\n\t\t\t<style>\/*! elementor - v3.20.0 - 11-03-2024 *\/\n.elementor-widget-image{text-align:center}.elementor-widget-image a{display:inline-block}.elementor-widget-image a img[src$=\".svg\"]{width:48px}.elementor-widget-image img{vertical-align:middle;display:inline-block}<\/style>\t\t\t\t\t\t\t\t\t\t<img fetchpriority=\"high\" decoding=\"async\" width=\"531\" height=\"709\" src=\"https:\/\/masfedtam.com.tr\/wp-content\/uploads\/2023\/09\/574602f9-c6b5-4521-9542-2e27a6a8a007.jpg\" class=\"attachment-large size-large wp-image-3628\" alt=\"\" \/>\t\t\t\t\t\t\t\t\t\t\t\t\t<\/div>\n\t\t\t\t<\/div>\n\t\t\t\t\t<\/div>\n\t\t<\/div>\n\t\t\t\t<div class=\"elementor-column elementor-col-66 elementor-top-column elementor-element elementor-element-d91575c\" data-id=\"d91575c\" data-element_type=\"column\">\n\t\t\t<div class=\"elementor-widget-wrap elementor-element-populated\">\n\t\t\t\t\t\t<section class=\"elementor-section elementor-inner-section elementor-element elementor-element-82629ff elementor-section-full_width elementor-section-height-default elementor-section-height-default wpr-particle-no wpr-jarallax-no wpr-parallax-no wpr-sticky-section-no\" data-id=\"82629ff\" data-element_type=\"section\" data-settings=\"{&quot;background_background&quot;:&quot;classic&quot;}\">\n\t\t\t\t\t\t<div class=\"elementor-container elementor-column-gap-default\">\n\t\t\t\t\t<div class=\"elementor-column elementor-col-50 elementor-inner-column elementor-element elementor-element-e88bb96\" data-id=\"e88bb96\" data-element_type=\"column\">\n\t\t\t<div class=\"elementor-widget-wrap elementor-element-populated\">\n\t\t\t\t\t\t<div class=\"elementor-element elementor-element-9b40efe elementor-widget elementor-widget-heading\" data-id=\"9b40efe\" data-element_type=\"widget\" data-widget_type=\"heading.default\">\n\t\t\t\t<div class=\"elementor-widget-container\">\n\t\t\t<h2 class=\"elementor-heading-title elementor-size-default\">Elmas KO\u00c7 \/<\/h2>\t\t<\/div>\n\t\t\t\t<\/div>\n\t\t\t\t\t<\/div>\n\t\t<\/div>\n\t\t\t\t<div class=\"elementor-column elementor-col-50 elementor-inner-column elementor-element elementor-element-a881e1b\" data-id=\"a881e1b\" data-element_type=\"column\">\n\t\t\t<div class=\"elementor-widget-wrap elementor-element-populated\">\n\t\t\t\t\t\t<div class=\"elementor-element elementor-element-6de53eb elementor-widget elementor-widget-heading\" data-id=\"6de53eb\" data-element_type=\"widget\" data-widget_type=\"heading.default\">\n\t\t\t\t<div class=\"elementor-widget-container\">\n\t\t\t<h2 class=\"elementor-heading-title elementor-size-default\">Ba\u015fkan Yard\u0131mc\u0131s\u0131<\/h2>\t\t<\/div>\n\t\t\t\t<\/div>\n\t\t\t\t\t<\/div>\n\t\t<\/div>\n\t\t\t\t\t<\/div>\n\t\t<\/section>\n\t\t\t\t<div class=\"elementor-element elementor-element-14b8959 elementor-widget elementor-widget-spacer\" data-id=\"14b8959\" data-element_type=\"widget\" data-widget_type=\"spacer.default\">\n\t\t\t\t<div class=\"elementor-widget-container\">\n\t\t\t\t\t<div class=\"elementor-spacer\">\n\t\t\t<div class=\"elementor-spacer-inner\"><\/div>\n\t\t<\/div>\n\t\t\t\t<\/div>\n\t\t\t\t<\/div>\n\t\t\t\t<div class=\"elementor-element elementor-element-6939155 elementor-widget elementor-widget-text-editor\" data-id=\"6939155\" data-element_type=\"widget\" data-widget_type=\"text-editor.default\">\n\t\t\t\t<div class=\"elementor-widget-container\">\n\t\t\t<style>\/*! elementor - v3.20.0 - 11-03-2024 *\/\n.elementor-widget-text-editor.elementor-drop-cap-view-stacked .elementor-drop-cap{background-color:#69727d;color:#fff}.elementor-widget-text-editor.elementor-drop-cap-view-framed .elementor-drop-cap{color:#69727d;border:3px solid;background-color:transparent}.elementor-widget-text-editor:not(.elementor-drop-cap-view-default) .elementor-drop-cap{margin-top:8px}.elementor-widget-text-editor:not(.elementor-drop-cap-view-default) .elementor-drop-cap-letter{width:1em;height:1em}.elementor-widget-text-editor .elementor-drop-cap{float:left;text-align:center;line-height:1;font-size:50px}.elementor-widget-text-editor .elementor-drop-cap-letter{display:inline-block}<\/style>\t\t\t\t<p>1972 Ankara do\u011fumlu olan Elmas KO\u00c7, Turizmcidir. \u0130lk ve Orta\u00f6\u011fretim e\u011fitimini Ankara\u2019da tamamlam\u0131\u015ft\u0131r. Eski\u015fehir Anadolu \u00dcniversitesi Turizm Ve Otel \u0130\u015fletmecili\u011fi mezunudur.<\/p><p>Turizm alan\u0131nda uzun y\u0131llar otel y\u00f6neticili\u011fi, E\u011fitmen ve dan\u0131\u015fmanl\u0131k yapm\u0131\u015ft\u0131r. \u00c7ok say\u0131da ulusal kongre projesi y\u00fcr\u00fctm\u00fc\u015ft\u00fcr. Bu kongreler aras\u0131nda en \u00e7ok \u00f6ne \u00e7\u0131kan projeler, sa\u011fl\u0131k bakanl\u0131\u011f\u0131 kongreleri, tar\u0131m bakanl\u0131\u011f\u0131 kongreleri, enerji bakanl\u0131\u011f\u0131 kongreleri ile birlikte cumhurba\u015fkanl\u0131\u011f\u0131 se\u00e7im \u00e7al\u0131\u015fmalar\u0131na ait kongre ve miting organizasyonlar\u0131d\u0131r.<\/p><p>Kongreleri t\u00fcm s\u00fcre\u00e7leri ile birlikte takip etmi\u015f ve ger\u00e7ekle\u015ftirilmesinde \u00f6nemli rol oynam\u0131\u015ft\u0131r. Profesyonel anlamda hat\u0131r\u0131 say\u0131l\u0131r d\u00fczeyde e\u011fitim ve sertifikaya sahiptir.<\/p><p>T\u00fcrkiye de ilk kez d\u00fczenlenen Uluslararas\u0131 Yerel Kalk\u0131nma ve Finansman kongresi projesini yazm\u0131\u015f, bu projeye devlet deste\u011fi \u00e7\u0131kartm\u0131\u015f ve ger\u00e7ekle\u015fmesini sa\u011flam\u0131\u015ft\u0131r. D\u00f6rt ve be\u015f y\u0131ld\u0131zl\u0131 hotellerin y\u00f6netim kademesinde g\u00f6rev alarak, yeniden yap\u0131land\u0131rma, Belgelendirme, portf\u00f6y olu\u015fturma, sat\u0131\u015f art\u0131rma, personel e\u011fitimleri ve dan\u0131\u015fmanl\u0131k g\u00f6revlerini \u00fcstlenmi\u015ftir.<\/p><p>Elmas KO\u00c7, 2022 y\u0131l\u0131nda, T\u00fcrkiye\u2019de ilk defa sekt\u00f6rel anlamda, Otomotiv alan\u0131nda ki uyu\u015fmazl\u0131klar\u0131n giderilmesinde \u00e7\u00f6z\u00fcm olu\u015fturacak, <strong>TAHK\u0130M, ARABULUCULUK ve ALTERNAT\u0130F UYU\u015eMAZLIK \u00c7\u00d6Z\u00dcM MERKEZ\u0130<\/strong>\u00a0Projesini Ba\u015flatm\u0131\u015f ve projenin olu\u015fmas\u0131n\u0131n akabinde \u00e7al\u0131\u015fmada yer alan t\u00fcm ekip arkada\u015flar\u0131 ile birlikte <strong>MASFEDTAM<\/strong>\u2019\u0131n kurulu\u015funa \u00f6n ayak olmu\u015ftur.<\/p><p><strong>MASFEDTAM<\/strong> (Arabuluculuk, Tahkim ve Alternatif Uyu\u015fmazl\u0131k \u00c7\u00f6z\u00fcm Merkezi) Bu proje ile mahkemeler \u00fczerinde, sekt\u00f6rel anlamda birikmi\u015f olan dosya y\u00fck\u00fcn\u00fcn hafifletilmesi ve uyu\u015fmazl\u0131klar\u0131n \u00e7ok daha k\u0131sa s\u00fcre de \u00e7\u00f6z\u00fcme ula\u015ft\u0131r\u0131lmas\u0131 ama\u00e7lanm\u0131\u015ft\u0131r. 19 y\u0131ll\u0131k turizm hayat\u0131n\u0131n ard\u0131ndan sekt\u00f6r\u00fc zirvede b\u0131rakarak emekli olmu\u015f ve sekt\u00f6r\u00fcn \u00f6nc\u00fc STK lar\u0131ndan MASFED (Motorlu Ara\u00e7 Sat\u0131c\u0131lar\u0131 Federasyonu) de genel m\u00fcd\u00fcr olarak g\u00f6reve ba\u015flam\u0131\u015f olup halen \u00e7al\u0131\u015fma hayat\u0131na devam etmektedir. \u00a0<\/p>\t\t\t\t\t\t<\/div>\n\t\t\t\t<\/div>\n\t\t\t\t\t<\/div>\n\t\t<\/div>\n\t\t\t\t\t<\/div>\n\t\t<\/section>\n\t\t\t\t<\/div>\n\t\t","protected":false},"excerpt":{"rendered":"<p>Ba\u015fkan Yard\u0131mc\u0131s\u0131 Elmas KO\u00c7 \/ Ba\u015fkan Yard\u0131mc\u0131s\u0131 1972 Ankara do\u011fumlu olan Elmas KO\u00c7, Turizmcidir. \u0130lk ve Orta\u00f6\u011fretim e\u011fitimini Ankara\u2019da tamamlam\u0131\u015ft\u0131r. Eski\u015fehir Anadolu \u00dcniversitesi Turizm Ve Otel \u0130\u015fletmecili\u011fi mezunudur. Turizm alan\u0131nda uzun y\u0131llar otel y\u00f6neticili\u011fi, E\u011fitmen ve dan\u0131\u015fmanl\u0131k yapm\u0131\u015ft\u0131r. \u00c7ok say\u0131da ulusal kongre projesi y\u00fcr\u00fctm\u00fc\u015ft\u00fcr. Bu kongreler aras\u0131nda en \u00e7ok \u00f6ne \u00e7\u0131kan projeler, sa\u011fl\u0131k bakanl\u0131\u011f\u0131 kongreleri, [&hellip;]<\/p>\n","protected":false},"author":1,"featured_media":0,"parent":0,"menu_order":0,"comment_status":"closed","ping_status":"closed","template":"elementor_canvas","meta":{"_mi_skip_tracking":false,"_monsterinsights_sitenote_active":false,"_monsterinsights_sitenote_note":"","_monsterinsights_sitenote_category":0,"footnotes":""},"class_list":["post-2339","page","type-page","status-publish","hentry"],"aioseo_notices":[],"_links":{"self":[{"href":"https:\/\/masfedtam.com.tr\/index.php?rest_route=\/wp\/v2\/pages\/2339","targetHints":{"allow":["GET"]}}],"collection":[{"href":"https:\/\/masfedtam.com.tr\/index.php?rest_route=\/wp\/v2\/pages"}],"about":[{"href":"https:\/\/masfedtam.com.tr\/index.php?rest_route=\/wp\/v2\/types\/page"}],"author":[{"embeddable":true,"href":"https:\/\/masfedtam.com.tr\/index.php?rest_route=\/wp\/v2\/users\/1"}],"replies":[{"embeddable":true,"href":"https:\/\/masfedtam.com.tr\/index.php?rest_route=%2Fwp%2Fv2%2Fcomments&post=2339"}],"version-history":[{"count":0,"href":"https:\/\/masfedtam.com.tr\/index.php?rest_route=\/wp\/v2\/pages\/2339\/revisions"}],"wp:attachment":[{"href":"https:\/\/masfedtam.com.tr\/index.php?rest_route=%2Fwp%2Fv2%2Fmedia&parent=2339"}],"curies":[{"name":"wp","href":"https:\/\/api.w.org\/{rel}","templated":true}]}}